{"id":1484,"date":"2020-06-29T07:27:34","date_gmt":"2020-06-29T07:27:34","guid":{"rendered":"https:\/\/www.youthforequality.sk\/index.php\/zapoj-sa\/dobrovolnictvo\/safe-town-copy\/"},"modified":"2020-06-29T07:52:55","modified_gmt":"2020-06-29T07:52:55","slug":"safe-town-copy","status":"publish","type":"page","link":"https:\/\/www.youthforequality.sk\/index.php\/activitiy\/dobrovolnictvo-neaktualna-verzia\/safe-town-copy\/","title":{"rendered":"Upgrade Your Neighbourhood Brand Your City: You Know It Is Worth It!"},"content":{"rendered":"\n<p><strong>Duration: 1 month<\/strong><\/p>\n\n\n\n<p><strong>Location: Komotini, Greece<\/strong><\/p>\n\n\n\n<p><strong>Starting date: 1 August 2020 &#8211; 1 September 2020<\/strong><\/p>\n\n\n\n<p>We are looking for&nbsp;<strong>5 participants (18-30 years old) from Slovakia.&nbsp;<\/strong><\/p>\n\n\n\n<p><strong>DESCRIPTION<\/strong><\/p>\n\n\n\n<p>In the socially sensitive area of Komotini (there is no match with another City of Greece), with a large percentage of young people belonging to the group we call young people with fewer opportunities, the 24 volunteers from Slovakia, Tunisia and Ukraine will promote the interaction of young people in society and will cultivate the idea that everyone deserves an opportunity to improve their skills and become active member and part of his\/her local society, regardless of health status, age, gender, ethnicity, or other possible obstacles. <\/p>\n\n\n\n<p>The program will be completed with a major event in the four neighborhoods. Our organization gives volunteers a wide variety of creative activities on the \ufb01eld of Healthy lifestyle, Youth policies and Urban development for the local youth. Since the organization cooperates with many local partners of Komotini and it is a living part of the community, holding an important role in the daily life of the community and having managed to be the meeting point for the youth at the region. Each volunteer will be integrated into the regular program of the organization and the youth festival and will be working 5-6 hours a day, \ufb01ve days a week. The two free days of the week will be decided from the beginning together with the coordinators and the sta\ufb00 of the project. According to the interests of each volunteer he will participate in the development, coordination and implementation of our actions. The o\ufb03ce of the volunteers located inside the Europe Direct o\ufb03ce. According to the interests of each volunteer he will participate in the development, coordination and implementation of our actions aimed at mobilizing young people, the promotion of Eco Rights and awareness of our Neighbourhood activities.<\/p>\n\n\n\n<p>Moving in another country means learning and adjust the new knowledge to develop as a person and help the social and daily life development in your community. Through non formal activities our project will rede\ufb01ne the habits and the needs of youth in Komotini underline the need to respect our environment by upgrading our living space &#8211; our neighbourhoods. In 30 days we will upgrade the life of the youth in 4 neighbourhoods by stable events, actions and activities while the Final event &#8211; the Youth festival is the best way to brand our City to support our aims. Moreover the 24 youngsters will work on projects which aim to create a better life for youngsters, especially for those with fewer chances and those who are having luck of nature and exercise in their daily life. In addition through inter-cultural activities the volunteers will present their culture, and through daily life they will be integrated in the Greek society. &#8222;Upgrade your Neighbourhood Brand your City: You Know it Worth it! has also another meaning as promotes the youth mobility as a tool for the personal development and social change. The program will o\ufb00er to the local youth a non formal series of methods for good life, inspired by healthy lifestyle activities and their use. Methods and activities were adapted to modern life, to promote active lifestyles, environmental awareness, direct human contact, youth participation and \ufb01nally, the good life itself. Volunteers working with young people will learn and develop ways to face these challenges that both are bene\ufb01cial for themselves and the comunity! <\/p>\n\n\n\n<p><strong>ACTIVITIES<\/strong><\/p>\n\n\n\n<p>Youth Club: Every Friday in the area of the 4 selected neighbourhoods and during the festival in the festival place. Target group are young people who seek an informal cultural acquaintance with the EU states. <\/p>\n\n\n\n<p>Healthy Club: Green Lifestyle made of environmental awareness and healthy lifestyle. Initially volunteers implement a research on young people eating, moving, living Eco habits. Then the youth promote our themes with clean days, environmental awareness campaigns, Eco workshops, exercise workshops, information activities.<\/p>\n\n\n\n<p>The Youth festival: Actions to support and promote the event as they are analyzed to the activities session. &#8222;Zumba and Yoga&#8220; (3 times per week): Workshops of Zumba and Yoga at Komotini aimed at students&#8216; awareness related to the exercise. <\/p>\n\n\n\n<p>Neighbourhood Events: In this \ufb01eld, the volunteer will participate in and coordinate the healthy lifestyle and youth activities they organize in order to upgrade the neighboorhood.<\/p>\n\n\n\n<p><strong>PARTNERS<\/strong><\/p>\n\n\n\n<p>System and G (Greece) &#8211;&nbsp;<a href=\"http:\/\/www.systemandg.eu\/\" target=\"_blank\" rel=\"noreferrer noopener\">www.systemandg.eu<\/a>&nbsp;Facebook: Systemandg<\/p>\n\n\n\n<p>Youth for Equality (Slovakia) &#8211;&nbsp;<a href=\"http:\/\/www.youthforequality.sk\/\" target=\"_blank\" rel=\"noreferrer noopener\">www.youthforequality.sk<\/a>&nbsp;Facebook: yeslovakia<\/p>\n\n\n\n<p>CEI (Ukraine) &#8211;&nbsp;<a href=\"http:\/\/www.eu.sumy.ua\/\" target=\"_blank\" rel=\"noreferrer noopener\">www.eu.sumy.ua<\/a>&nbsp;Facebook: ceisumy<\/p>\n\n\n\n<p>Ajmec (Tunisia) &#8211; Facebook: ajmectunisia<\/p>\n\n\n\n<p>LOCAL PARTNERS<\/p>\n\n\n\n<p>Centered at the European Information Center of Komotini (www.europedirectkomotini.eu)&nbsp;<\/p>\n\n\n\n<p>Municipality of Komotini and Municipal Company of Education, Youth, Culture and Sports (DEKEPAK) www.komotini.gr&nbsp;<\/p>\n\n\n\n<p>&nbsp;Rodopi secondary education directorate (www.dide.rod.sch.gr,&nbsp;<a href=\"http:\/\/www.index.php%29\/\" target=\"_blank\" rel=\"noreferrer noopener\">www.index.php)<\/a><\/p>\n\n\n\n<p><strong>PARTICIPANTS<\/strong><\/p>\n\n\n\n<p><strong>In total 5 Slovak participants will participate in this project, age 18 &#8211; 30 years old.&nbsp;<\/strong><\/p>\n\n\n\n<p><strong>Accommodation will be covered.<\/strong><\/p>\n\n\n\n<p><strong>You will receive a pocket money 250\u20ac\/month.&nbsp;<\/strong><\/p>\n\n\n\n<p><strong>Travel budget per participant from Slovakia is 275\u20ac.&nbsp;<\/strong><\/p>\n\n\n\n<p><strong>CONTACT: Send your CV and a short motivation to pitrovska@youthforequality.sk<\/strong><\/p>\n","protected":false},"excerpt":{"rendered":"<p>Duration: 1 month Location: Komotini, Greece Starting date: 1 August 2020 &#8211; 1 September 2020 We are looking for&nbsp;5 participants (18-30 years old) from Slovakia.&nbsp; DESCRIPTION In the socially sensitive area of Komotini (there is no match with another City of Greece), with a large percentage of young people belonging to the group we call&hellip;&nbsp;<a href=\"https:\/\/www.youthforequality.sk\/index.php\/activitiy\/dobrovolnictvo-neaktualna-verzia\/safe-town-copy\/\" class=\"\" rel=\"bookmark\">\u010c\u00edta\u0165 viac &raquo;<span class=\"screen-reader-text\">Upgrade Your Neighbourhood Brand Your City: You Know It Is Worth It!<\/span><\/a><\/p>\n","protected":false},"author":2,"featured_media":14,"parent":169,"menu_order":0,"comment_status":"closed","ping_status":"closed","template":"template-full-width-cover.php","meta":{"_uf_show_specific_survey":0,"_uf_disable_surveys":false,"neve_meta_sidebar":"","neve_meta_container":"","neve_meta_enable_content_width":"","neve_meta_content_width":0,"neve_meta_title_alignment":"","neve_meta_author_avatar":"","neve_post_elements_order":"","neve_meta_disable_header":"","neve_meta_disable_footer":"","neve_meta_disable_title":"","_themeisle_gutenberg_block_has_review":false,"footnotes":""},"categories":[],"tags":[],"class_list":["post-1484","page","type-page","status-publish","has-post-thumbnail","hentry"],"yoast_head":"<!-- This site is optimized with the Yoast SEO plugin v27.4 - https:\/\/yoast.com\/product\/yoast-seo-wordpress\/ -->\n<title>Upgrade Your Neighbourhood Brand Your City: You Know It Is Worth It! |<\/title>\n<meta name=\"robots\" content=\"index, follow, max-snippet:-1, max-image-preview:large, max-video-preview:-1\" \/>\n<link rel=\"canonical\" href=\"https:\/\/www.youthforequality.sk\/index.php\/activitiy\/dobrovolnictvo-neaktualna-verzia\/safe-town-copy\/\" \/>\n<meta property=\"og:locale\" content=\"sk_SK\" \/>\n<meta property=\"og:type\" content=\"article\" \/>\n<meta property=\"og:title\" content=\"Upgrade Your Neighbourhood Brand Your City: You Know It Is Worth It! |\" \/>\n<meta property=\"og:description\" content=\"Duration: 1 month Location: Komotini, Greece Starting date: 1 August 2020 &#8211; 1 September 2020 We are looking for&nbsp;5 participants (18-30 years old) from Slovakia.&nbsp; DESCRIPTION In the socially sensitive area of Komotini (there is no match with another City of Greece), with a large percentage of young people belonging to the group we call&hellip;&nbsp;\u010c\u00edta\u0165 viac &raquo;Upgrade Your Neighbourhood Brand Your City: You Know It Is Worth It!\" \/>\n<meta property=\"og:url\" content=\"https:\/\/www.youthforequality.sk\/index.php\/activitiy\/dobrovolnictvo-neaktualna-verzia\/safe-town-copy\/\" \/>\n<meta property=\"article:publisher\" content=\"https:\/\/www.facebook.com\/yeslovakia\" \/>\n<meta property=\"article:modified_time\" content=\"2020-06-29T07:52:55+00:00\" \/>\n<meta property=\"og:image\" content=\"https:\/\/www.youthforequality.sk\/wp-content\/uploads\/2020\/04\/Young-People-Working-scaled.jpg\" \/>\n\t<meta property=\"og:image:width\" content=\"2560\" \/>\n\t<meta property=\"og:image:height\" content=\"1706\" \/>\n\t<meta property=\"og:image:type\" content=\"image\/jpeg\" \/>\n<meta name=\"twitter:card\" content=\"summary_large_image\" \/>\n<meta name=\"twitter:label1\" content=\"Predpokladan\u00fd \u010das \u010d\u00edtania\" \/>\n\t<meta name=\"twitter:data1\" content=\"4 min\u00faty\" \/>\n<script type=\"application\/ld+json\" class=\"yoast-schema-graph\">{\"@context\":\"https:\\\/\\\/schema.org\",\"@graph\":[{\"@type\":\"WebPage\",\"@id\":\"https:\\\/\\\/www.youthforequality.sk\\\/index.php\\\/activitiy\\\/dobrovolnictvo-neaktualna-verzia\\\/safe-town-copy\\\/\",\"url\":\"https:\\\/\\\/www.youthforequality.sk\\\/index.php\\\/activitiy\\\/dobrovolnictvo-neaktualna-verzia\\\/safe-town-copy\\\/\",\"name\":\"Upgrade Your Neighbourhood Brand Your City: You Know It Is Worth It! |\",\"isPartOf\":{\"@id\":\"https:\\\/\\\/www.youthforequality.sk\\\/#website\"},\"primaryImageOfPage\":{\"@id\":\"https:\\\/\\\/www.youthforequality.sk\\\/index.php\\\/activitiy\\\/dobrovolnictvo-neaktualna-verzia\\\/safe-town-copy\\\/#primaryimage\"},\"image\":{\"@id\":\"https:\\\/\\\/www.youthforequality.sk\\\/index.php\\\/activitiy\\\/dobrovolnictvo-neaktualna-verzia\\\/safe-town-copy\\\/#primaryimage\"},\"thumbnailUrl\":\"https:\\\/\\\/www.youthforequality.sk\\\/wp-content\\\/uploads\\\/2020\\\/04\\\/Young-People-Working-scaled.jpg\",\"datePublished\":\"2020-06-29T07:27:34+00:00\",\"dateModified\":\"2020-06-29T07:52:55+00:00\",\"breadcrumb\":{\"@id\":\"https:\\\/\\\/www.youthforequality.sk\\\/index.php\\\/activitiy\\\/dobrovolnictvo-neaktualna-verzia\\\/safe-town-copy\\\/#breadcrumb\"},\"inLanguage\":\"sk-SK\",\"potentialAction\":[{\"@type\":\"ReadAction\",\"target\":[\"https:\\\/\\\/www.youthforequality.sk\\\/index.php\\\/activitiy\\\/dobrovolnictvo-neaktualna-verzia\\\/safe-town-copy\\\/\"]}]},{\"@type\":\"ImageObject\",\"inLanguage\":\"sk-SK\",\"@id\":\"https:\\\/\\\/www.youthforequality.sk\\\/index.php\\\/activitiy\\\/dobrovolnictvo-neaktualna-verzia\\\/safe-town-copy\\\/#primaryimage\",\"url\":\"https:\\\/\\\/www.youthforequality.sk\\\/wp-content\\\/uploads\\\/2020\\\/04\\\/Young-People-Working-scaled.jpg\",\"contentUrl\":\"https:\\\/\\\/www.youthforequality.sk\\\/wp-content\\\/uploads\\\/2020\\\/04\\\/Young-People-Working-scaled.jpg\",\"width\":2560,\"height\":1706},{\"@type\":\"BreadcrumbList\",\"@id\":\"https:\\\/\\\/www.youthforequality.sk\\\/index.php\\\/activitiy\\\/dobrovolnictvo-neaktualna-verzia\\\/safe-town-copy\\\/#breadcrumb\",\"itemListElement\":[{\"@type\":\"ListItem\",\"position\":1,\"name\":\"Home\",\"item\":\"https:\\\/\\\/www.youthforequality.sk\\\/\"},{\"@type\":\"ListItem\",\"position\":2,\"name\":\"Aktivity\",\"item\":\"https:\\\/\\\/www.youthforequality.sk\\\/index.php\\\/activitiy\\\/\"},{\"@type\":\"ListItem\",\"position\":3,\"name\":\"S\u00fakromn\u00e9: Dobrovo\u013en\u00edctvo &#8211; neaktu\u00e1lna verzia\",\"item\":\"https:\\\/\\\/www.youthforequality.sk\\\/index.php\\\/activitiy\\\/dobrovolnictvo-neaktualna-verzia\\\/\"},{\"@type\":\"ListItem\",\"position\":4,\"name\":\"Upgrade Your Neighbourhood Brand Your City: You Know It Is Worth It!\"}]},{\"@type\":\"WebSite\",\"@id\":\"https:\\\/\\\/www.youthforequality.sk\\\/#website\",\"url\":\"https:\\\/\\\/www.youthforequality.sk\\\/\",\"name\":\"\",\"description\":\"\",\"publisher\":{\"@id\":\"https:\\\/\\\/www.youthforequality.sk\\\/#organization\"},\"potentialAction\":[{\"@type\":\"SearchAction\",\"target\":{\"@type\":\"EntryPoint\",\"urlTemplate\":\"https:\\\/\\\/www.youthforequality.sk\\\/?s={search_term_string}\"},\"query-input\":{\"@type\":\"PropertyValueSpecification\",\"valueRequired\":true,\"valueName\":\"search_term_string\"}}],\"inLanguage\":\"sk-SK\"},{\"@type\":\"Organization\",\"@id\":\"https:\\\/\\\/www.youthforequality.sk\\\/#organization\",\"name\":\"Youth for Equality\",\"url\":\"https:\\\/\\\/www.youthforequality.sk\\\/\",\"logo\":{\"@type\":\"ImageObject\",\"inLanguage\":\"sk-SK\",\"@id\":\"https:\\\/\\\/www.youthforequality.sk\\\/#\\\/schema\\\/logo\\\/image\\\/\",\"url\":\"https:\\\/\\\/www.youthforequality.sk\\\/wp-content\\\/uploads\\\/2021\\\/01\\\/vynovene-logo-nove-farby_modra-na-web.png\",\"contentUrl\":\"https:\\\/\\\/www.youthforequality.sk\\\/wp-content\\\/uploads\\\/2021\\\/01\\\/vynovene-logo-nove-farby_modra-na-web.png\",\"width\":1,\"height\":1,\"caption\":\"Youth for Equality\"},\"image\":{\"@id\":\"https:\\\/\\\/www.youthforequality.sk\\\/#\\\/schema\\\/logo\\\/image\\\/\"},\"sameAs\":[\"https:\\\/\\\/www.facebook.com\\\/yeslovakia\"]}]}<\/script>\n<!-- \/ Yoast SEO plugin. -->","yoast_head_json":{"title":"Upgrade Your Neighbourhood Brand Your City: You Know It Is Worth It! |","robots":{"index":"index","follow":"follow","max-snippet":"max-snippet:-1","max-image-preview":"max-image-preview:large","max-video-preview":"max-video-preview:-1"},"canonical":"https:\/\/www.youthforequality.sk\/index.php\/activitiy\/dobrovolnictvo-neaktualna-verzia\/safe-town-copy\/","og_locale":"sk_SK","og_type":"article","og_title":"Upgrade Your Neighbourhood Brand Your City: You Know It Is Worth It! |","og_description":"Duration: 1 month Location: Komotini, Greece Starting date: 1 August 2020 &#8211; 1 September 2020 We are looking for&nbsp;5 participants (18-30 years old) from Slovakia.&nbsp; DESCRIPTION In the socially sensitive area of Komotini (there is no match with another City of Greece), with a large percentage of young people belonging to the group we call&hellip;&nbsp;\u010c\u00edta\u0165 viac &raquo;Upgrade Your Neighbourhood Brand Your City: You Know It Is Worth It!","og_url":"https:\/\/www.youthforequality.sk\/index.php\/activitiy\/dobrovolnictvo-neaktualna-verzia\/safe-town-copy\/","article_publisher":"https:\/\/www.facebook.com\/yeslovakia","article_modified_time":"2020-06-29T07:52:55+00:00","og_image":[{"width":2560,"height":1706,"url":"https:\/\/www.youthforequality.sk\/wp-content\/uploads\/2020\/04\/Young-People-Working-scaled.jpg","type":"image\/jpeg"}],"twitter_card":"summary_large_image","twitter_misc":{"Predpokladan\u00fd \u010das \u010d\u00edtania":"4 min\u00faty"},"schema":{"@context":"https:\/\/schema.org","@graph":[{"@type":"WebPage","@id":"https:\/\/www.youthforequality.sk\/index.php\/activitiy\/dobrovolnictvo-neaktualna-verzia\/safe-town-copy\/","url":"https:\/\/www.youthforequality.sk\/index.php\/activitiy\/dobrovolnictvo-neaktualna-verzia\/safe-town-copy\/","name":"Upgrade Your Neighbourhood Brand Your City: You Know It Is Worth It! |","isPartOf":{"@id":"https:\/\/www.youthforequality.sk\/#website"},"primaryImageOfPage":{"@id":"https:\/\/www.youthforequality.sk\/index.php\/activitiy\/dobrovolnictvo-neaktualna-verzia\/safe-town-copy\/#primaryimage"},"image":{"@id":"https:\/\/www.youthforequality.sk\/index.php\/activitiy\/dobrovolnictvo-neaktualna-verzia\/safe-town-copy\/#primaryimage"},"thumbnailUrl":"https:\/\/www.youthforequality.sk\/wp-content\/uploads\/2020\/04\/Young-People-Working-scaled.jpg","datePublished":"2020-06-29T07:27:34+00:00","dateModified":"2020-06-29T07:52:55+00:00","breadcrumb":{"@id":"https:\/\/www.youthforequality.sk\/index.php\/activitiy\/dobrovolnictvo-neaktualna-verzia\/safe-town-copy\/#breadcrumb"},"inLanguage":"sk-SK","potentialAction":[{"@type":"ReadAction","target":["https:\/\/www.youthforequality.sk\/index.php\/activitiy\/dobrovolnictvo-neaktualna-verzia\/safe-town-copy\/"]}]},{"@type":"ImageObject","inLanguage":"sk-SK","@id":"https:\/\/www.youthforequality.sk\/index.php\/activitiy\/dobrovolnictvo-neaktualna-verzia\/safe-town-copy\/#primaryimage","url":"https:\/\/www.youthforequality.sk\/wp-content\/uploads\/2020\/04\/Young-People-Working-scaled.jpg","contentUrl":"https:\/\/www.youthforequality.sk\/wp-content\/uploads\/2020\/04\/Young-People-Working-scaled.jpg","width":2560,"height":1706},{"@type":"BreadcrumbList","@id":"https:\/\/www.youthforequality.sk\/index.php\/activitiy\/dobrovolnictvo-neaktualna-verzia\/safe-town-copy\/#breadcrumb","itemListElement":[{"@type":"ListItem","position":1,"name":"Home","item":"https:\/\/www.youthforequality.sk\/"},{"@type":"ListItem","position":2,"name":"Aktivity","item":"https:\/\/www.youthforequality.sk\/index.php\/activitiy\/"},{"@type":"ListItem","position":3,"name":"S\u00fakromn\u00e9: Dobrovo\u013en\u00edctvo &#8211; neaktu\u00e1lna verzia","item":"https:\/\/www.youthforequality.sk\/index.php\/activitiy\/dobrovolnictvo-neaktualna-verzia\/"},{"@type":"ListItem","position":4,"name":"Upgrade Your Neighbourhood Brand Your City: You Know It Is Worth It!"}]},{"@type":"WebSite","@id":"https:\/\/www.youthforequality.sk\/#website","url":"https:\/\/www.youthforequality.sk\/","name":"","description":"","publisher":{"@id":"https:\/\/www.youthforequality.sk\/#organization"},"potentialAction":[{"@type":"SearchAction","target":{"@type":"EntryPoint","urlTemplate":"https:\/\/www.youthforequality.sk\/?s={search_term_string}"},"query-input":{"@type":"PropertyValueSpecification","valueRequired":true,"valueName":"search_term_string"}}],"inLanguage":"sk-SK"},{"@type":"Organization","@id":"https:\/\/www.youthforequality.sk\/#organization","name":"Youth for Equality","url":"https:\/\/www.youthforequality.sk\/","logo":{"@type":"ImageObject","inLanguage":"sk-SK","@id":"https:\/\/www.youthforequality.sk\/#\/schema\/logo\/image\/","url":"https:\/\/www.youthforequality.sk\/wp-content\/uploads\/2021\/01\/vynovene-logo-nove-farby_modra-na-web.png","contentUrl":"https:\/\/www.youthforequality.sk\/wp-content\/uploads\/2021\/01\/vynovene-logo-nove-farby_modra-na-web.png","width":1,"height":1,"caption":"Youth for Equality"},"image":{"@id":"https:\/\/www.youthforequality.sk\/#\/schema\/logo\/image\/"},"sameAs":["https:\/\/www.facebook.com\/yeslovakia"]}]}},"_links":{"self":[{"href":"https:\/\/www.youthforequality.sk\/index.php\/wp-json\/wp\/v2\/pages\/1484","targetHints":{"allow":["GET"]}}],"collection":[{"href":"https:\/\/www.youthforequality.sk\/index.php\/wp-json\/wp\/v2\/pages"}],"about":[{"href":"https:\/\/www.youthforequality.sk\/index.php\/wp-json\/wp\/v2\/types\/page"}],"author":[{"embeddable":true,"href":"https:\/\/www.youthforequality.sk\/index.php\/wp-json\/wp\/v2\/users\/2"}],"replies":[{"embeddable":true,"href":"https:\/\/www.youthforequality.sk\/index.php\/wp-json\/wp\/v2\/comments?post=1484"}],"version-history":[{"count":3,"href":"https:\/\/www.youthforequality.sk\/index.php\/wp-json\/wp\/v2\/pages\/1484\/revisions"}],"predecessor-version":[{"id":1488,"href":"https:\/\/www.youthforequality.sk\/index.php\/wp-json\/wp\/v2\/pages\/1484\/revisions\/1488"}],"up":[{"embeddable":true,"href":"https:\/\/www.youthforequality.sk\/index.php\/wp-json\/wp\/v2\/pages\/169"}],"wp:featuredmedia":[{"embeddable":true,"href":"https:\/\/www.youthforequality.sk\/index.php\/wp-json\/wp\/v2\/media\/14"}],"wp:attachment":[{"href":"https:\/\/www.youthforequality.sk\/index.php\/wp-json\/wp\/v2\/media?parent=1484"}],"wp:term":[{"taxonomy":"category","embeddable":true,"href":"https:\/\/www.youthforequality.sk\/index.php\/wp-json\/wp\/v2\/categories?post=1484"},{"taxonomy":"post_tag","embeddable":true,"href":"https:\/\/www.youthforequality.sk\/index.php\/wp-json\/wp\/v2\/tags?post=1484"}],"curies":[{"name":"wp","href":"https:\/\/api.w.org\/{rel}","templated":true}]}}