{"id":1690,"date":"2020-11-30T21:29:08","date_gmt":"2020-11-30T21:29:08","guid":{"rendered":"https:\/\/www.youthforequality.sk\/?page_id=1690"},"modified":"2020-11-30T21:29:09","modified_gmt":"2020-11-30T21:29:09","slug":"green-way-of-social-entrepreneurship","status":"publish","type":"page","link":"https:\/\/www.youthforequality.sk\/index.php\/green-way-of-social-entrepreneurship\/","title":{"rendered":"Green way of Social entrepreneurship"},"content":{"rendered":"\n<p><\/p>\n\n\n\n<p>Unemployment or job related issues, poverty are devastating issues for many young Europeans nowadays. The recent outbreak of coronavirus aggravates already-detrimental employment situation. Social entrepreneurship in eco-friendly way can be as good help in mitigating the impacts of the economic crisis on young people as any. And youth workers are the ones working with young people who have to be enriched by set of skills for support the employability of target group. The requirements are changing fast as any time before and we need to react on current situation. Their knowledge and skills must be updated, they have to enhance their creativity in order to transfer this knowledge to their target groups. Secondly, social enterprises help the communities because they are not profit-driven and work with those who are disadvantaged and in this case support environmental sustainability.<\/p>\n\n\n\n<p>One of the objectives is to share examples of ecologically friendly social enterprises in different countries and create an ecological social business plan to be used in the urban areas.<\/p>\n\n\n\n<p>Our partners are social enterprises and NGOs from Greece, Bulgaria, Turkey, Czech Republic, Poland, Romania.<\/p>\n\n\n\n<p>The main activity is going to be a training course implemented in Slovakia in March 2021. It based on the principles of non-formal learning and that it is learner-centered and participatory as the project already promotes. The methods to be used in the training will be &#8211; innovative ways of brainstorming, workshops, interactive presentations, various evaluation methods, energizers, team building activities and another methods of non formal learning.<\/p>\n\n\n\n<p>GET INVOLVED! Contact us at info@youthforequality.sk<\/p>\n","protected":false},"excerpt":{"rendered":"<p>Unemployment or job related issues, poverty are devastating issues for many young Europeans nowadays. The recent outbreak of coronavirus aggravates already-detrimental employment situation. Social entrepreneurship in eco-friendly way can be as good help in mitigating the impacts of the economic crisis on young people as any. And youth workers are the ones working with young&hellip;&nbsp;<a href=\"https:\/\/www.youthforequality.sk\/index.php\/green-way-of-social-entrepreneurship\/\" class=\"\" rel=\"bookmark\">\u010c\u00edta\u0165 viac &raquo;<span class=\"screen-reader-text\">Green way of Social entrepreneurship<\/span><\/a><\/p>\n","protected":false},"author":2,"featured_media":0,"parent":0,"menu_order":0,"comment_status":"closed","ping_status":"closed","template":"","meta":{"_uf_show_specific_survey":0,"_uf_disable_surveys":false,"neve_meta_sidebar":"","neve_meta_container":"","neve_meta_enable_content_width":"","neve_meta_content_width":0,"neve_meta_title_alignment":"","neve_meta_author_avatar":"","neve_post_elements_order":"","neve_meta_disable_header":"","neve_meta_disable_footer":"","neve_meta_disable_title":"","_themeisle_gutenberg_block_has_review":false,"footnotes":""},"categories":[],"tags":[],"class_list":["post-1690","page","type-page","status-publish","hentry"],"yoast_head":"<!-- This site is optimized with the Yoast SEO plugin v27.5 - https:\/\/yoast.com\/product\/yoast-seo-wordpress\/ -->\n<title>Green way of Social entrepreneurship |<\/title>\n<meta name=\"robots\" content=\"index, follow, max-snippet:-1, max-image-preview:large, max-video-preview:-1\" \/>\n<link rel=\"canonical\" href=\"https:\/\/www.youthforequality.sk\/index.php\/green-way-of-social-entrepreneurship\/\" \/>\n<meta property=\"og:locale\" content=\"sk_SK\" \/>\n<meta property=\"og:type\" content=\"article\" \/>\n<meta property=\"og:title\" content=\"Green way of Social entrepreneurship |\" \/>\n<meta property=\"og:description\" content=\"Unemployment or job related issues, poverty are devastating issues for many young Europeans nowadays. The recent outbreak of coronavirus aggravates already-detrimental employment situation. Social entrepreneurship in eco-friendly way can be as good help in mitigating the impacts of the economic crisis on young people as any. And youth workers are the ones working with young&hellip;&nbsp;\u010c\u00edta\u0165 viac &raquo;Green way of Social entrepreneurship\" \/>\n<meta property=\"og:url\" content=\"https:\/\/www.youthforequality.sk\/index.php\/green-way-of-social-entrepreneurship\/\" \/>\n<meta property=\"article:publisher\" content=\"https:\/\/www.facebook.com\/yeslovakia\" \/>\n<meta property=\"article:modified_time\" content=\"2020-11-30T21:29:09+00:00\" \/>\n<meta name=\"twitter:card\" content=\"summary_large_image\" \/>\n<meta name=\"twitter:label1\" content=\"Predpokladan\u00fd \u010das \u010d\u00edtania\" \/>\n\t<meta name=\"twitter:data1\" content=\"1 min\u00fata\" \/>\n<script type=\"application\/ld+json\" class=\"yoast-schema-graph\">{\"@context\":\"https:\\\/\\\/schema.org\",\"@graph\":[{\"@type\":\"WebPage\",\"@id\":\"https:\\\/\\\/www.youthforequality.sk\\\/index.php\\\/green-way-of-social-entrepreneurship\\\/\",\"url\":\"https:\\\/\\\/www.youthforequality.sk\\\/index.php\\\/green-way-of-social-entrepreneurship\\\/\",\"name\":\"Green way of Social entrepreneurship |\",\"isPartOf\":{\"@id\":\"https:\\\/\\\/www.youthforequality.sk\\\/#website\"},\"datePublished\":\"2020-11-30T21:29:08+00:00\",\"dateModified\":\"2020-11-30T21:29:09+00:00\",\"breadcrumb\":{\"@id\":\"https:\\\/\\\/www.youthforequality.sk\\\/index.php\\\/green-way-of-social-entrepreneurship\\\/#breadcrumb\"},\"inLanguage\":\"sk-SK\",\"potentialAction\":[{\"@type\":\"ReadAction\",\"target\":[\"https:\\\/\\\/www.youthforequality.sk\\\/index.php\\\/green-way-of-social-entrepreneurship\\\/\"]}]},{\"@type\":\"BreadcrumbList\",\"@id\":\"https:\\\/\\\/www.youthforequality.sk\\\/index.php\\\/green-way-of-social-entrepreneurship\\\/#breadcrumb\",\"itemListElement\":[{\"@type\":\"ListItem\",\"position\":1,\"name\":\"Home\",\"item\":\"https:\\\/\\\/www.youthforequality.sk\\\/\"},{\"@type\":\"ListItem\",\"position\":2,\"name\":\"Green way of Social entrepreneurship\"}]},{\"@type\":\"WebSite\",\"@id\":\"https:\\\/\\\/www.youthforequality.sk\\\/#website\",\"url\":\"https:\\\/\\\/www.youthforequality.sk\\\/\",\"name\":\"\",\"description\":\"\",\"publisher\":{\"@id\":\"https:\\\/\\\/www.youthforequality.sk\\\/#organization\"},\"potentialAction\":[{\"@type\":\"SearchAction\",\"target\":{\"@type\":\"EntryPoint\",\"urlTemplate\":\"https:\\\/\\\/www.youthforequality.sk\\\/?s={search_term_string}\"},\"query-input\":{\"@type\":\"PropertyValueSpecification\",\"valueRequired\":true,\"valueName\":\"search_term_string\"}}],\"inLanguage\":\"sk-SK\"},{\"@type\":\"Organization\",\"@id\":\"https:\\\/\\\/www.youthforequality.sk\\\/#organization\",\"name\":\"Youth for Equality\",\"url\":\"https:\\\/\\\/www.youthforequality.sk\\\/\",\"logo\":{\"@type\":\"ImageObject\",\"inLanguage\":\"sk-SK\",\"@id\":\"https:\\\/\\\/www.youthforequality.sk\\\/#\\\/schema\\\/logo\\\/image\\\/\",\"url\":\"https:\\\/\\\/www.youthforequality.sk\\\/wp-content\\\/uploads\\\/2021\\\/01\\\/vynovene-logo-nove-farby_modra-na-web.png\",\"contentUrl\":\"https:\\\/\\\/www.youthforequality.sk\\\/wp-content\\\/uploads\\\/2021\\\/01\\\/vynovene-logo-nove-farby_modra-na-web.png\",\"width\":1,\"height\":1,\"caption\":\"Youth for Equality\"},\"image\":{\"@id\":\"https:\\\/\\\/www.youthforequality.sk\\\/#\\\/schema\\\/logo\\\/image\\\/\"},\"sameAs\":[\"https:\\\/\\\/www.facebook.com\\\/yeslovakia\"]}]}<\/script>\n<!-- \/ Yoast SEO plugin. -->","yoast_head_json":{"title":"Green way of Social entrepreneurship |","robots":{"index":"index","follow":"follow","max-snippet":"max-snippet:-1","max-image-preview":"max-image-preview:large","max-video-preview":"max-video-preview:-1"},"canonical":"https:\/\/www.youthforequality.sk\/index.php\/green-way-of-social-entrepreneurship\/","og_locale":"sk_SK","og_type":"article","og_title":"Green way of Social entrepreneurship |","og_description":"Unemployment or job related issues, poverty are devastating issues for many young Europeans nowadays. The recent outbreak of coronavirus aggravates already-detrimental employment situation. Social entrepreneurship in eco-friendly way can be as good help in mitigating the impacts of the economic crisis on young people as any. And youth workers are the ones working with young&hellip;&nbsp;\u010c\u00edta\u0165 viac &raquo;Green way of Social entrepreneurship","og_url":"https:\/\/www.youthforequality.sk\/index.php\/green-way-of-social-entrepreneurship\/","article_publisher":"https:\/\/www.facebook.com\/yeslovakia","article_modified_time":"2020-11-30T21:29:09+00:00","twitter_card":"summary_large_image","twitter_misc":{"Predpokladan\u00fd \u010das \u010d\u00edtania":"1 min\u00fata"},"schema":{"@context":"https:\/\/schema.org","@graph":[{"@type":"WebPage","@id":"https:\/\/www.youthforequality.sk\/index.php\/green-way-of-social-entrepreneurship\/","url":"https:\/\/www.youthforequality.sk\/index.php\/green-way-of-social-entrepreneurship\/","name":"Green way of Social entrepreneurship |","isPartOf":{"@id":"https:\/\/www.youthforequality.sk\/#website"},"datePublished":"2020-11-30T21:29:08+00:00","dateModified":"2020-11-30T21:29:09+00:00","breadcrumb":{"@id":"https:\/\/www.youthforequality.sk\/index.php\/green-way-of-social-entrepreneurship\/#breadcrumb"},"inLanguage":"sk-SK","potentialAction":[{"@type":"ReadAction","target":["https:\/\/www.youthforequality.sk\/index.php\/green-way-of-social-entrepreneurship\/"]}]},{"@type":"BreadcrumbList","@id":"https:\/\/www.youthforequality.sk\/index.php\/green-way-of-social-entrepreneurship\/#breadcrumb","itemListElement":[{"@type":"ListItem","position":1,"name":"Home","item":"https:\/\/www.youthforequality.sk\/"},{"@type":"ListItem","position":2,"name":"Green way of Social entrepreneurship"}]},{"@type":"WebSite","@id":"https:\/\/www.youthforequality.sk\/#website","url":"https:\/\/www.youthforequality.sk\/","name":"","description":"","publisher":{"@id":"https:\/\/www.youthforequality.sk\/#organization"},"potentialAction":[{"@type":"SearchAction","target":{"@type":"EntryPoint","urlTemplate":"https:\/\/www.youthforequality.sk\/?s={search_term_string}"},"query-input":{"@type":"PropertyValueSpecification","valueRequired":true,"valueName":"search_term_string"}}],"inLanguage":"sk-SK"},{"@type":"Organization","@id":"https:\/\/www.youthforequality.sk\/#organization","name":"Youth for Equality","url":"https:\/\/www.youthforequality.sk\/","logo":{"@type":"ImageObject","inLanguage":"sk-SK","@id":"https:\/\/www.youthforequality.sk\/#\/schema\/logo\/image\/","url":"https:\/\/www.youthforequality.sk\/wp-content\/uploads\/2021\/01\/vynovene-logo-nove-farby_modra-na-web.png","contentUrl":"https:\/\/www.youthforequality.sk\/wp-content\/uploads\/2021\/01\/vynovene-logo-nove-farby_modra-na-web.png","width":1,"height":1,"caption":"Youth for Equality"},"image":{"@id":"https:\/\/www.youthforequality.sk\/#\/schema\/logo\/image\/"},"sameAs":["https:\/\/www.facebook.com\/yeslovakia"]}]}},"_links":{"self":[{"href":"https:\/\/www.youthforequality.sk\/index.php\/wp-json\/wp\/v2\/pages\/1690","targetHints":{"allow":["GET"]}}],"collection":[{"href":"https:\/\/www.youthforequality.sk\/index.php\/wp-json\/wp\/v2\/pages"}],"about":[{"href":"https:\/\/www.youthforequality.sk\/index.php\/wp-json\/wp\/v2\/types\/page"}],"author":[{"embeddable":true,"href":"https:\/\/www.youthforequality.sk\/index.php\/wp-json\/wp\/v2\/users\/2"}],"replies":[{"embeddable":true,"href":"https:\/\/www.youthforequality.sk\/index.php\/wp-json\/wp\/v2\/comments?post=1690"}],"version-history":[{"count":1,"href":"https:\/\/www.youthforequality.sk\/index.php\/wp-json\/wp\/v2\/pages\/1690\/revisions"}],"predecessor-version":[{"id":1691,"href":"https:\/\/www.youthforequality.sk\/index.php\/wp-json\/wp\/v2\/pages\/1690\/revisions\/1691"}],"wp:attachment":[{"href":"https:\/\/www.youthforequality.sk\/index.php\/wp-json\/wp\/v2\/media?parent=1690"}],"wp:term":[{"taxonomy":"category","embeddable":true,"href":"https:\/\/www.youthforequality.sk\/index.php\/wp-json\/wp\/v2\/categories?post=1690"},{"taxonomy":"post_tag","embeddable":true,"href":"https:\/\/www.youthforequality.sk\/index.php\/wp-json\/wp\/v2\/tags?post=1690"}],"curies":[{"name":"wp","href":"https:\/\/api.w.org\/{rel}","templated":true}]}}