{"id":2747,"date":"2021-04-09T20:29:42","date_gmt":"2021-04-09T18:29:42","guid":{"rendered":"https:\/\/www.youthforequality.sk\/index.php\/predosle-projekty-copy\/"},"modified":"2024-12-17T16:34:05","modified_gmt":"2024-12-17T15:34:05","slug":"predosle-dobrovolnicke-projekty","status":"publish","type":"page","link":"https:\/\/www.youthforequality.sk\/index.php\/activitiy\/dobrovolnictvo\/predosle-dobrovolnicke-projekty\/","title":{"rendered":"Predo\u0161l\u00e9 dobrovo\u013en\u00edcke projekty"},"content":{"rendered":"\t\t<div data-elementor-type=\"wp-page\" data-elementor-id=\"2747\" class=\"elementor elementor-2747\">\n\t\t\t\t\t\t<section class=\"elementor-section elementor-top-section elementor-element elementor-element-14bf58c elementor-section-boxed elementor-section-height-default elementor-section-height-default\" data-id=\"14bf58c\" data-element_type=\"section\" data-e-type=\"section\">\n\t\t\t\t\t\t<div class=\"elementor-container elementor-column-gap-default\">\n\t\t\t\t\t<div class=\"elementor-column elementor-col-100 elementor-top-column elementor-element elementor-element-802f6e6\" data-id=\"802f6e6\" data-element_type=\"column\" data-e-type=\"column\">\n\t\t\t<div class=\"elementor-widget-wrap elementor-element-populated\">\n\t\t\t\t\t\t<div class=\"elementor-element elementor-element-48ca1fb elementor-widget elementor-widget-heading\" data-id=\"48ca1fb\" data-element_type=\"widget\" data-e-type=\"widget\" data-widget_type=\"heading.default\">\n\t\t\t\t<div class=\"elementor-widget-container\">\n\t\t\t\t\t<h1 class=\"elementor-heading-title elementor-size-default\">Aj tak\u00e9to dobrovo\u013en\u00edcke projekty u\u017e m\u00e1me za sebou:<\/h1>\t\t\t\t<\/div>\n\t\t\t\t<\/div>\n\t\t\t\t\t<\/div>\n\t\t<\/div>\n\t\t\t\t\t<\/div>\n\t\t<\/section>\n\t\t\t\t<section class=\"elementor-section elementor-top-section elementor-element elementor-element-5b40604 elementor-section-boxed elementor-section-height-default elementor-section-height-default\" data-id=\"5b40604\" data-element_type=\"section\" data-e-type=\"section\">\n\t\t\t\t\t\t<div class=\"elementor-container elementor-column-gap-default\">\n\t\t\t\t\t<div class=\"elementor-column elementor-col-100 elementor-top-column elementor-element elementor-element-08f198e\" data-id=\"08f198e\" data-element_type=\"column\" data-e-type=\"column\">\n\t\t\t<div class=\"elementor-widget-wrap elementor-element-populated\">\n\t\t\t\t\t\t<div class=\"elementor-element elementor-element-d914eb1 elementor-widget elementor-widget-spacer\" data-id=\"d914eb1\" data-element_type=\"widget\" data-e-type=\"widget\" data-widget_type=\"spacer.default\">\n\t\t\t\t<div class=\"elementor-widget-container\">\n\t\t\t\t\t\t\t<div class=\"elementor-spacer\">\n\t\t\t<div class=\"elementor-spacer-inner\"><\/div>\n\t\t<\/div>\n\t\t\t\t\t\t<\/div>\n\t\t\t\t<\/div>\n\t\t\t\t\t<\/div>\n\t\t<\/div>\n\t\t\t\t\t<\/div>\n\t\t<\/section>\n\t\t\t\t<section class=\"elementor-section elementor-top-section elementor-element elementor-element-5570f015 elementor-section-boxed elementor-section-height-default elementor-section-height-default\" data-id=\"5570f015\" data-element_type=\"section\" data-e-type=\"section\" data-settings=\"{&quot;background_background&quot;:&quot;classic&quot;}\">\n\t\t\t\t\t\t<div class=\"elementor-container elementor-column-gap-default\">\n\t\t\t\t\t<div class=\"elementor-column elementor-col-100 elementor-top-column elementor-element elementor-element-1c174230\" data-id=\"1c174230\" data-element_type=\"column\" data-e-type=\"column\">\n\t\t\t<div class=\"elementor-widget-wrap elementor-element-populated\">\n\t\t\t\t\t\t<div class=\"elementor-element elementor-element-1522899c elementor-grid-eael-col-3 elementor-grid-tablet-eael-col-2 elementor-grid-mobile-eael-col-1 elementor-widget elementor-widget-eael-post-grid\" data-id=\"1522899c\" data-element_type=\"widget\" data-e-type=\"widget\" data-settings=\"{&quot;eael_post_grid_columns&quot;:&quot;eael-col-3&quot;,&quot;eael_post_grid_columns_tablet&quot;:&quot;eael-col-2&quot;,&quot;eael_post_grid_columns_mobile&quot;:&quot;eael-col-1&quot;}\" data-widget_type=\"eael-post-grid.default\">\n\t\t\t\t<div class=\"elementor-widget-container\">\n\t\t\t\t\t<div id=\"eael-post-grid-1522899c\" class=\"eael-post-grid-container\">\n            <div class=\"eael-post-grid eael-post-appender eael-post-appender-1522899c eael-post-grid-style-two\" data-layout-mode=\"masonry\"><article class=\"eael-grid-post  eael-post-grid-column eael-pg-post-8490 category-dobrovolnictvo-predosle-projekty\" data-id=\"8490\">\n    <div class=\"eael-grid-post-holder\">\n        <div class=\"eael-grid-post-holder-inner\"><div class=\"eael-entry-media\"><div class=\"eael-entry-overlay fade-in\"><i class=\"\" aria-hidden=\"true\"><\/i><a href=\"https:\/\/www.youthforequality.sk\/index.php\/2024\/12\/16\/coeo-portugal\/\"><\/a><\/div><div class=\"eael-entry-thumbnail \">\n                            <img fetchpriority=\"high\" decoding=\"async\" width=\"796\" height=\"445\" src=\"https:\/\/www.youthforequality.sk\/wp-content\/uploads\/2024\/12\/evora.jpg\" class=\"attachment-large size-large wp-image-8493\" alt=\"\" srcset=\"https:\/\/www.youthforequality.sk\/wp-content\/uploads\/2024\/12\/evora.jpg 796w, https:\/\/www.youthforequality.sk\/wp-content\/uploads\/2024\/12\/evora-300x168.jpg 300w, https:\/\/www.youthforequality.sk\/wp-content\/uploads\/2024\/12\/evora-768x429.jpg 768w\" sizes=\"(max-width: 796px) 100vw, 796px\" \/>\n                            <\/div>\n                    <\/div><div class=\"eael-entry-wrapper\"><header class=\"eael-entry-header\"><h2 class=\"eael-entry-title\"><a class=\"eael-grid-post-link\" href=\"https:\/\/www.youthforequality.sk\/index.php\/2024\/12\/16\/coeo-portugal\/\" title=\"COEO\">COEO<\/a><\/h2><\/header><div class=\"eael-entry-content\">\n                                <div class=\"eael-grid-post-excerpt\"><p>Our partner NGO is looking for participants for an upcoming volunteering project &#8222;Community Outreach and Event Organization&#8222; in \u00c9vora, Portugal....<\/p><a href=\"https:\/\/www.youthforequality.sk\/index.php\/2024\/12\/16\/coeo-portugal\/\" class=\"eael-post-elements-readmore-btn\">\u010c\u00edtaj viac<\/a><\/div>\n                            <\/div><div class=\"eael-entry-header-after style-two\"><div class=\"eael-entry-meta\"><span class=\"eael-meta-posted-on\"><i class=\"far fa-clock\"><\/i><time datetime=\"16. decembra 2024\">16. decembra 2024<\/time><\/span><\/div><\/div><\/div><\/div>\n    <\/div>\n<\/article><article class=\"eael-grid-post  eael-post-grid-column eael-pg-post-6826 category-dobrovolnictvo-predosle-projekty\" data-id=\"6826\">\n    <div class=\"eael-grid-post-holder\">\n        <div class=\"eael-grid-post-holder-inner\"><div class=\"eael-entry-media\"><div class=\"eael-entry-overlay fade-in\"><i class=\"\" aria-hidden=\"true\"><\/i><a href=\"https:\/\/www.youthforequality.sk\/index.php\/2024\/03\/13\/esc-team-volunteering-an-invitation-toact\/\"><\/a><\/div><div class=\"eael-entry-thumbnail \">\n                            <img decoding=\"async\" width=\"1024\" height=\"762\" src=\"https:\/\/www.youthforequality.sk\/wp-content\/uploads\/2024\/03\/ESC-greece-pic-1024x762.png\" class=\"attachment-large size-large wp-image-6827\" alt=\"\" srcset=\"https:\/\/www.youthforequality.sk\/wp-content\/uploads\/2024\/03\/ESC-greece-pic-1024x762.png 1024w, https:\/\/www.youthforequality.sk\/wp-content\/uploads\/2024\/03\/ESC-greece-pic-300x223.png 300w, https:\/\/www.youthforequality.sk\/wp-content\/uploads\/2024\/03\/ESC-greece-pic-768x572.png 768w, https:\/\/www.youthforequality.sk\/wp-content\/uploads\/2024\/03\/ESC-greece-pic.png 1448w\" sizes=\"(max-width: 1024px) 100vw, 1024px\" \/>\n                            <\/div>\n                    <\/div><div class=\"eael-entry-wrapper\"><header class=\"eael-entry-header\"><h2 class=\"eael-entry-title\"><a class=\"eael-grid-post-link\" href=\"https:\/\/www.youthforequality.sk\/index.php\/2024\/03\/13\/esc-team-volunteering-an-invitation-toact\/\" title=\"ESC team volunteering: An invitation to ACT in Greece\">ESC team volunteering: An invitation to ACT in Greece<\/a><\/h2><\/header><div class=\"eael-entry-content\">\n                                <div class=\"eael-grid-post-excerpt\"><p>H\u013ead\u00e1me 12 SLOVENSK\u00ddCH \u00fa\u010dastn\u00edkov pre nadch\u00e1dzaj\u00faci t\u00edmov\u00fd dobrovo\u013en\u00edcky projekt &#8222;AINTA: POZV\u00c1NKA KONA\u0164&#8220; v Ioannine, Gr\u00e9cko. \ud83d\uddd3\u00a0TERM\u00cdNY DOBROVO\u013dN\u00cdCTVA: 16.06 -11.08.2024 DE\u0147...<\/p><a href=\"https:\/\/www.youthforequality.sk\/index.php\/2024\/03\/13\/esc-team-volunteering-an-invitation-toact\/\" class=\"eael-post-elements-readmore-btn\">\u010c\u00edtaj viac<\/a><\/div>\n                            <\/div><div class=\"eael-entry-header-after style-two\"><div class=\"eael-entry-meta\"><span class=\"eael-meta-posted-on\"><i class=\"far fa-clock\"><\/i><time datetime=\"13. marca 2024\">13. marca 2024<\/time><\/span><\/div><\/div><\/div><\/div>\n    <\/div>\n<\/article><article class=\"eael-grid-post  eael-post-grid-column eael-pg-post-2700 category-dobrovolnictvo-predosle-projekty\" data-id=\"2700\">\n    <div class=\"eael-grid-post-holder\">\n        <div class=\"eael-grid-post-holder-inner\"><div class=\"eael-entry-media\"><div class=\"eael-entry-overlay fade-in\"><i class=\"\" aria-hidden=\"true\"><\/i><a href=\"https:\/\/www.youthforequality.sk\/index.php\/2021\/04\/09\/l\/\"><\/a><\/div><div class=\"eael-entry-thumbnail \">\n                            <img decoding=\"async\" width=\"1024\" height=\"683\" src=\"https:\/\/www.youthforequality.sk\/wp-content\/uploads\/2021\/04\/learning-and-sharing-1024x683.jpeg\" class=\"attachment-large size-large wp-image-2708\" alt=\"\" srcset=\"https:\/\/www.youthforequality.sk\/wp-content\/uploads\/2021\/04\/learning-and-sharing-1024x683.jpeg 1024w, https:\/\/www.youthforequality.sk\/wp-content\/uploads\/2021\/04\/learning-and-sharing-300x200.jpeg 300w, https:\/\/www.youthforequality.sk\/wp-content\/uploads\/2021\/04\/learning-and-sharing-768x512.jpeg 768w, https:\/\/www.youthforequality.sk\/wp-content\/uploads\/2021\/04\/learning-and-sharing-1536x1024.jpeg 1536w, https:\/\/www.youthforequality.sk\/wp-content\/uploads\/2021\/04\/learning-and-sharing-930x620.jpeg 930w, https:\/\/www.youthforequality.sk\/wp-content\/uploads\/2021\/04\/learning-and-sharing.jpeg 1600w\" sizes=\"(max-width: 1024px) 100vw, 1024px\" \/>\n                            <\/div>\n                    <\/div><div class=\"eael-entry-wrapper\"><header class=\"eael-entry-header\"><h2 class=\"eael-entry-title\"><a class=\"eael-grid-post-link\" href=\"https:\/\/www.youthforequality.sk\/index.php\/2021\/04\/09\/l\/\" title=\"Leading and sharing Malta\">Leading and sharing Malta<\/a><\/h2><\/header><div class=\"eael-entry-content\">\n                                <div class=\"eael-grid-post-excerpt\"><p>CSR Malta Association je organiz\u00e1cia, ktor\u00e1 aktu\u00e1lne vytv\u00e1ra dobrovo\u013en\u00edcke centrum na Malte a od konca janu\u00e1ra 2021 hos\u0165uje aj dvoch...<\/p><a href=\"https:\/\/www.youthforequality.sk\/index.php\/2021\/04\/09\/l\/\" class=\"eael-post-elements-readmore-btn\">\u010c\u00edtaj viac<\/a><\/div>\n                            <\/div><div class=\"eael-entry-header-after style-two\"><div class=\"eael-entry-meta\"><span class=\"eael-meta-posted-on\"><i class=\"far fa-clock\"><\/i><time datetime=\"9. apr\u00edla 2021\">9. apr\u00edla 2021<\/time><\/span><\/div><\/div><\/div><\/div>\n    <\/div>\n<\/article><\/div>\n            <div class=\"clearfix\"><\/div>\n        <\/div>            <div class=\"eael-load-more-button-wrap\">\n                <button class=\"eael-load-more-button\" id=\"eael-load-more-btn-1522899c\" data-widget-id=\"1522899c\" data-widget=\"1522899c\" data-page-id=\"2747\" data-template=\"{&quot;dir&quot;:&quot;lite&quot;,&quot;file_name&quot;:&quot;two.php&quot;,&quot;name&quot;:&quot;Post-Grid&quot;}\" data-class=\"Essential_Addons_Elementor\\Elements\\Post_Grid\" data-layout=\"masonry\" data-page=\"1\" data-args=\"orderby=date&amp;order=desc&amp;ignore_sticky_posts=1&amp;post_status=publish&amp;posts_per_page=3&amp;offset=0&amp;post_type=post&amp;tax_query%5B0%5D%5Btaxonomy%5D=category&amp;tax_query%5B0%5D%5Bfield%5D=term_id&amp;tax_query%5B0%5D%5Bterms%5D%5B0%5D=34&amp;tax_query%5Brelation%5D=AND\" data-max-page=\"3\">\n                    <span class=\"eael-btn-loader button__loader\"><\/span>\n                    <span class=\"eael_load_more_text\">\u010eal\u0161ie \u010dl\u00e1nky<\/span>\n                <\/button>\n            <\/div>\n            \t\t\t\t<\/div>\n\t\t\t\t<\/div>\n\t\t\t\t\t<\/div>\n\t\t<\/div>\n\t\t\t\t\t<\/div>\n\t\t<\/section>\n\t\t\t\t<\/div>\n\t\t","protected":false},"excerpt":{"rendered":"<p>Aj tak\u00e9to dobrovo\u013en\u00edcke projekty u\u017e m\u00e1me za sebou: Leading and sharing Malta CSR Malta Association je organiz\u00e1cia, ktor\u00e1 aktu\u00e1lne vytv\u00e1ra dobrovo\u013en\u00edcke centrum na Malte a od konca janu\u00e1ra 2021 hos\u0165uje aj dvoch&#8230; \u010c\u00edtaj viac 9. April 2021 Heritage keepers Macerata Taliansko Cie\u013eom tohto dobrovo\u013en\u00edckeho projektu, ktor\u00fd aktu\u00e1lne prebieha v Taliansku, je organiz\u00e1cia verejn\u00fdch akci\u00ed, v\u00fdroba&hellip;&nbsp;<a href=\"https:\/\/www.youthforequality.sk\/index.php\/2021\/04\/09\/l\/\" class=\"\" rel=\"bookmark\">\u010c\u00edta\u0165 viac &raquo;<span class=\"screen-reader-text\">Leading and sharing Malta<\/span><\/a><\/p>\n","protected":false},"author":4,"featured_media":1437,"parent":2229,"menu_order":0,"comment_status":"closed","ping_status":"closed","template":"elementor_header_footer","meta":{"_uf_show_specific_survey":0,"_uf_disable_surveys":false,"neve_meta_sidebar":"full-width","neve_meta_container":"","neve_meta_enable_content_width":"on","neve_meta_content_width":100,"neve_meta_title_alignment":"","neve_meta_author_avatar":"","neve_post_elements_order":"","neve_meta_disable_header":"","neve_meta_disable_footer":"","neve_meta_disable_title":"","_themeisle_gutenberg_block_has_review":false,"footnotes":""},"categories":[],"tags":[],"class_list":["post-2747","page","type-page","status-publish","has-post-thumbnail","hentry"],"yoast_head":"<!-- This site is optimized with the Yoast SEO plugin v27.5 - https:\/\/yoast.com\/product\/yoast-seo-wordpress\/ -->\n<title>Predo\u0161l\u00e9 dobrovo\u013en\u00edcke projekty |<\/title>\n<meta name=\"robots\" content=\"index, follow, max-snippet:-1, max-image-preview:large, max-video-preview:-1\" \/>\n<link rel=\"canonical\" href=\"https:\/\/www.youthforequality.sk\/index.php\/activitiy\/dobrovolnictvo\/predosle-dobrovolnicke-projekty\/\" \/>\n<meta property=\"og:locale\" content=\"sk_SK\" \/>\n<meta property=\"og:type\" content=\"article\" \/>\n<meta property=\"og:title\" content=\"Predo\u0161l\u00e9 dobrovo\u013en\u00edcke projekty |\" \/>\n<meta property=\"og:description\" content=\"Aj tak\u00e9to dobrovo\u013en\u00edcke projekty u\u017e m\u00e1me za sebou: Leading and sharing Malta CSR Malta Association je organiz\u00e1cia, ktor\u00e1 aktu\u00e1lne vytv\u00e1ra dobrovo\u013en\u00edcke centrum na Malte a od konca janu\u00e1ra 2021 hos\u0165uje aj dvoch&#8230; \u010c\u00edtaj viac 9. April 2021 Heritage keepers Macerata Taliansko Cie\u013eom tohto dobrovo\u013en\u00edckeho projektu, ktor\u00fd aktu\u00e1lne prebieha v Taliansku, je organiz\u00e1cia verejn\u00fdch akci\u00ed, v\u00fdroba&hellip;&nbsp;\u010c\u00edta\u0165 viac &raquo;Leading and sharing Malta\" \/>\n<meta property=\"og:url\" content=\"https:\/\/www.youthforequality.sk\/index.php\/activitiy\/dobrovolnictvo\/predosle-dobrovolnicke-projekty\/\" \/>\n<meta property=\"article:publisher\" content=\"https:\/\/www.facebook.com\/yeslovakia\" \/>\n<meta property=\"article:modified_time\" content=\"2024-12-17T15:34:05+00:00\" \/>\n<meta property=\"og:image\" content=\"https:\/\/www.youthforequality.sk\/wp-content\/uploads\/2020\/06\/Homeless-2.jpg\" \/>\n\t<meta property=\"og:image:width\" content=\"960\" \/>\n\t<meta property=\"og:image:height\" content=\"720\" \/>\n\t<meta property=\"og:image:type\" content=\"image\/jpeg\" \/>\n<meta name=\"twitter:card\" content=\"summary_large_image\" \/>\n<meta name=\"twitter:label1\" content=\"Predpokladan\u00fd \u010das \u010d\u00edtania\" \/>\n\t<meta name=\"twitter:data1\" content=\"2 min\u00faty\" \/>\n<script type=\"application\/ld+json\" class=\"yoast-schema-graph\">{\"@context\":\"https:\\\/\\\/schema.org\",\"@graph\":[{\"@type\":\"WebPage\",\"@id\":\"https:\\\/\\\/www.youthforequality.sk\\\/index.php\\\/activitiy\\\/dobrovolnictvo\\\/predosle-dobrovolnicke-projekty\\\/\",\"url\":\"https:\\\/\\\/www.youthforequality.sk\\\/index.php\\\/activitiy\\\/dobrovolnictvo\\\/predosle-dobrovolnicke-projekty\\\/\",\"name\":\"Predo\u0161l\u00e9 dobrovo\u013en\u00edcke projekty |\",\"isPartOf\":{\"@id\":\"https:\\\/\\\/www.youthforequality.sk\\\/#website\"},\"primaryImageOfPage\":{\"@id\":\"https:\\\/\\\/www.youthforequality.sk\\\/index.php\\\/activitiy\\\/dobrovolnictvo\\\/predosle-dobrovolnicke-projekty\\\/#primaryimage\"},\"image\":{\"@id\":\"https:\\\/\\\/www.youthforequality.sk\\\/index.php\\\/activitiy\\\/dobrovolnictvo\\\/predosle-dobrovolnicke-projekty\\\/#primaryimage\"},\"thumbnailUrl\":\"https:\\\/\\\/www.youthforequality.sk\\\/wp-content\\\/uploads\\\/2020\\\/06\\\/Homeless-2.jpg\",\"datePublished\":\"2021-04-09T18:29:42+00:00\",\"dateModified\":\"2024-12-17T15:34:05+00:00\",\"breadcrumb\":{\"@id\":\"https:\\\/\\\/www.youthforequality.sk\\\/index.php\\\/activitiy\\\/dobrovolnictvo\\\/predosle-dobrovolnicke-projekty\\\/#breadcrumb\"},\"inLanguage\":\"sk-SK\",\"potentialAction\":[{\"@type\":\"ReadAction\",\"target\":[\"https:\\\/\\\/www.youthforequality.sk\\\/index.php\\\/activitiy\\\/dobrovolnictvo\\\/predosle-dobrovolnicke-projekty\\\/\"]}]},{\"@type\":\"ImageObject\",\"inLanguage\":\"sk-SK\",\"@id\":\"https:\\\/\\\/www.youthforequality.sk\\\/index.php\\\/activitiy\\\/dobrovolnictvo\\\/predosle-dobrovolnicke-projekty\\\/#primaryimage\",\"url\":\"https:\\\/\\\/www.youthforequality.sk\\\/wp-content\\\/uploads\\\/2020\\\/06\\\/Homeless-2.jpg\",\"contentUrl\":\"https:\\\/\\\/www.youthforequality.sk\\\/wp-content\\\/uploads\\\/2020\\\/06\\\/Homeless-2.jpg\",\"width\":960,\"height\":720},{\"@type\":\"BreadcrumbList\",\"@id\":\"https:\\\/\\\/www.youthforequality.sk\\\/index.php\\\/activitiy\\\/dobrovolnictvo\\\/predosle-dobrovolnicke-projekty\\\/#breadcrumb\",\"itemListElement\":[{\"@type\":\"ListItem\",\"position\":1,\"name\":\"Home\",\"item\":\"https:\\\/\\\/www.youthforequality.sk\\\/\"},{\"@type\":\"ListItem\",\"position\":2,\"name\":\"Aktivity\",\"item\":\"https:\\\/\\\/www.youthforequality.sk\\\/index.php\\\/activitiy\\\/\"},{\"@type\":\"ListItem\",\"position\":3,\"name\":\"Dobrovo\u013en\u00edctvo\",\"item\":\"https:\\\/\\\/www.youthforequality.sk\\\/index.php\\\/activitiy\\\/dobrovolnictvo\\\/\"},{\"@type\":\"ListItem\",\"position\":4,\"name\":\"Predo\u0161l\u00e9 dobrovo\u013en\u00edcke projekty\"}]},{\"@type\":\"WebSite\",\"@id\":\"https:\\\/\\\/www.youthforequality.sk\\\/#website\",\"url\":\"https:\\\/\\\/www.youthforequality.sk\\\/\",\"name\":\"\",\"description\":\"\",\"publisher\":{\"@id\":\"https:\\\/\\\/www.youthforequality.sk\\\/#organization\"},\"potentialAction\":[{\"@type\":\"SearchAction\",\"target\":{\"@type\":\"EntryPoint\",\"urlTemplate\":\"https:\\\/\\\/www.youthforequality.sk\\\/?s={search_term_string}\"},\"query-input\":{\"@type\":\"PropertyValueSpecification\",\"valueRequired\":true,\"valueName\":\"search_term_string\"}}],\"inLanguage\":\"sk-SK\"},{\"@type\":\"Organization\",\"@id\":\"https:\\\/\\\/www.youthforequality.sk\\\/#organization\",\"name\":\"Youth for Equality\",\"url\":\"https:\\\/\\\/www.youthforequality.sk\\\/\",\"logo\":{\"@type\":\"ImageObject\",\"inLanguage\":\"sk-SK\",\"@id\":\"https:\\\/\\\/www.youthforequality.sk\\\/#\\\/schema\\\/logo\\\/image\\\/\",\"url\":\"https:\\\/\\\/www.youthforequality.sk\\\/wp-content\\\/uploads\\\/2021\\\/01\\\/vynovene-logo-nove-farby_modra-na-web.png\",\"contentUrl\":\"https:\\\/\\\/www.youthforequality.sk\\\/wp-content\\\/uploads\\\/2021\\\/01\\\/vynovene-logo-nove-farby_modra-na-web.png\",\"width\":1,\"height\":1,\"caption\":\"Youth for Equality\"},\"image\":{\"@id\":\"https:\\\/\\\/www.youthforequality.sk\\\/#\\\/schema\\\/logo\\\/image\\\/\"},\"sameAs\":[\"https:\\\/\\\/www.facebook.com\\\/yeslovakia\"]}]}<\/script>\n<!-- \/ Yoast SEO plugin. -->","yoast_head_json":{"title":"Predo\u0161l\u00e9 dobrovo\u013en\u00edcke projekty |","robots":{"index":"index","follow":"follow","max-snippet":"max-snippet:-1","max-image-preview":"max-image-preview:large","max-video-preview":"max-video-preview:-1"},"canonical":"https:\/\/www.youthforequality.sk\/index.php\/activitiy\/dobrovolnictvo\/predosle-dobrovolnicke-projekty\/","og_locale":"sk_SK","og_type":"article","og_title":"Predo\u0161l\u00e9 dobrovo\u013en\u00edcke projekty |","og_description":"Aj tak\u00e9to dobrovo\u013en\u00edcke projekty u\u017e m\u00e1me za sebou: Leading and sharing Malta CSR Malta Association je organiz\u00e1cia, ktor\u00e1 aktu\u00e1lne vytv\u00e1ra dobrovo\u013en\u00edcke centrum na Malte a od konca janu\u00e1ra 2021 hos\u0165uje aj dvoch&#8230; \u010c\u00edtaj viac 9. April 2021 Heritage keepers Macerata Taliansko Cie\u013eom tohto dobrovo\u013en\u00edckeho projektu, ktor\u00fd aktu\u00e1lne prebieha v Taliansku, je organiz\u00e1cia verejn\u00fdch akci\u00ed, v\u00fdroba&hellip;&nbsp;\u010c\u00edta\u0165 viac &raquo;Leading and sharing Malta","og_url":"https:\/\/www.youthforequality.sk\/index.php\/activitiy\/dobrovolnictvo\/predosle-dobrovolnicke-projekty\/","article_publisher":"https:\/\/www.facebook.com\/yeslovakia","article_modified_time":"2024-12-17T15:34:05+00:00","og_image":[{"width":960,"height":720,"url":"https:\/\/www.youthforequality.sk\/wp-content\/uploads\/2020\/06\/Homeless-2.jpg","type":"image\/jpeg"}],"twitter_card":"summary_large_image","twitter_misc":{"Predpokladan\u00fd \u010das \u010d\u00edtania":"2 min\u00faty"},"schema":{"@context":"https:\/\/schema.org","@graph":[{"@type":"WebPage","@id":"https:\/\/www.youthforequality.sk\/index.php\/activitiy\/dobrovolnictvo\/predosle-dobrovolnicke-projekty\/","url":"https:\/\/www.youthforequality.sk\/index.php\/activitiy\/dobrovolnictvo\/predosle-dobrovolnicke-projekty\/","name":"Predo\u0161l\u00e9 dobrovo\u013en\u00edcke projekty |","isPartOf":{"@id":"https:\/\/www.youthforequality.sk\/#website"},"primaryImageOfPage":{"@id":"https:\/\/www.youthforequality.sk\/index.php\/activitiy\/dobrovolnictvo\/predosle-dobrovolnicke-projekty\/#primaryimage"},"image":{"@id":"https:\/\/www.youthforequality.sk\/index.php\/activitiy\/dobrovolnictvo\/predosle-dobrovolnicke-projekty\/#primaryimage"},"thumbnailUrl":"https:\/\/www.youthforequality.sk\/wp-content\/uploads\/2020\/06\/Homeless-2.jpg","datePublished":"2021-04-09T18:29:42+00:00","dateModified":"2024-12-17T15:34:05+00:00","breadcrumb":{"@id":"https:\/\/www.youthforequality.sk\/index.php\/activitiy\/dobrovolnictvo\/predosle-dobrovolnicke-projekty\/#breadcrumb"},"inLanguage":"sk-SK","potentialAction":[{"@type":"ReadAction","target":["https:\/\/www.youthforequality.sk\/index.php\/activitiy\/dobrovolnictvo\/predosle-dobrovolnicke-projekty\/"]}]},{"@type":"ImageObject","inLanguage":"sk-SK","@id":"https:\/\/www.youthforequality.sk\/index.php\/activitiy\/dobrovolnictvo\/predosle-dobrovolnicke-projekty\/#primaryimage","url":"https:\/\/www.youthforequality.sk\/wp-content\/uploads\/2020\/06\/Homeless-2.jpg","contentUrl":"https:\/\/www.youthforequality.sk\/wp-content\/uploads\/2020\/06\/Homeless-2.jpg","width":960,"height":720},{"@type":"BreadcrumbList","@id":"https:\/\/www.youthforequality.sk\/index.php\/activitiy\/dobrovolnictvo\/predosle-dobrovolnicke-projekty\/#breadcrumb","itemListElement":[{"@type":"ListItem","position":1,"name":"Home","item":"https:\/\/www.youthforequality.sk\/"},{"@type":"ListItem","position":2,"name":"Aktivity","item":"https:\/\/www.youthforequality.sk\/index.php\/activitiy\/"},{"@type":"ListItem","position":3,"name":"Dobrovo\u013en\u00edctvo","item":"https:\/\/www.youthforequality.sk\/index.php\/activitiy\/dobrovolnictvo\/"},{"@type":"ListItem","position":4,"name":"Predo\u0161l\u00e9 dobrovo\u013en\u00edcke projekty"}]},{"@type":"WebSite","@id":"https:\/\/www.youthforequality.sk\/#website","url":"https:\/\/www.youthforequality.sk\/","name":"","description":"","publisher":{"@id":"https:\/\/www.youthforequality.sk\/#organization"},"potentialAction":[{"@type":"SearchAction","target":{"@type":"EntryPoint","urlTemplate":"https:\/\/www.youthforequality.sk\/?s={search_term_string}"},"query-input":{"@type":"PropertyValueSpecification","valueRequired":true,"valueName":"search_term_string"}}],"inLanguage":"sk-SK"},{"@type":"Organization","@id":"https:\/\/www.youthforequality.sk\/#organization","name":"Youth for Equality","url":"https:\/\/www.youthforequality.sk\/","logo":{"@type":"ImageObject","inLanguage":"sk-SK","@id":"https:\/\/www.youthforequality.sk\/#\/schema\/logo\/image\/","url":"https:\/\/www.youthforequality.sk\/wp-content\/uploads\/2021\/01\/vynovene-logo-nove-farby_modra-na-web.png","contentUrl":"https:\/\/www.youthforequality.sk\/wp-content\/uploads\/2021\/01\/vynovene-logo-nove-farby_modra-na-web.png","width":1,"height":1,"caption":"Youth for Equality"},"image":{"@id":"https:\/\/www.youthforequality.sk\/#\/schema\/logo\/image\/"},"sameAs":["https:\/\/www.facebook.com\/yeslovakia"]}]}},"_links":{"self":[{"href":"https:\/\/www.youthforequality.sk\/index.php\/wp-json\/wp\/v2\/pages\/2747","targetHints":{"allow":["GET"]}}],"collection":[{"href":"https:\/\/www.youthforequality.sk\/index.php\/wp-json\/wp\/v2\/pages"}],"about":[{"href":"https:\/\/www.youthforequality.sk\/index.php\/wp-json\/wp\/v2\/types\/page"}],"author":[{"embeddable":true,"href":"https:\/\/www.youthforequality.sk\/index.php\/wp-json\/wp\/v2\/users\/4"}],"replies":[{"embeddable":true,"href":"https:\/\/www.youthforequality.sk\/index.php\/wp-json\/wp\/v2\/comments?post=2747"}],"version-history":[{"count":11,"href":"https:\/\/www.youthforequality.sk\/index.php\/wp-json\/wp\/v2\/pages\/2747\/revisions"}],"predecessor-version":[{"id":8540,"href":"https:\/\/www.youthforequality.sk\/index.php\/wp-json\/wp\/v2\/pages\/2747\/revisions\/8540"}],"up":[{"embeddable":true,"href":"https:\/\/www.youthforequality.sk\/index.php\/wp-json\/wp\/v2\/pages\/2229"}],"wp:featuredmedia":[{"embeddable":true,"href":"https:\/\/www.youthforequality.sk\/index.php\/wp-json\/wp\/v2\/media\/1437"}],"wp:attachment":[{"href":"https:\/\/www.youthforequality.sk\/index.php\/wp-json\/wp\/v2\/media?parent=2747"}],"wp:term":[{"taxonomy":"category","embeddable":true,"href":"https:\/\/www.youthforequality.sk\/index.php\/wp-json\/wp\/v2\/categories?post=2747"},{"taxonomy":"post_tag","embeddable":true,"href":"https:\/\/www.youthforequality.sk\/index.php\/wp-json\/wp\/v2\/tags?post=2747"}],"curies":[{"name":"wp","href":"https:\/\/api.w.org\/{rel}","templated":true}]}}