{"id":8725,"date":"2025-02-04T14:56:50","date_gmt":"2025-02-04T13:56:50","guid":{"rendered":"https:\/\/www.youthforequality.sk\/index.php\/o-nas-copy\/"},"modified":"2025-02-04T15:39:06","modified_gmt":"2025-02-04T14:39:06","slug":"podporte-nas","status":"publish","type":"page","link":"https:\/\/www.youthforequality.sk\/index.php\/podporte-nas\/","title":{"rendered":"Podporte n\u00e1s"},"content":{"rendered":"\t\t<div data-elementor-type=\"wp-page\" data-elementor-id=\"8725\" class=\"elementor elementor-8725\">\n\t\t\t\t\t\t<section class=\"elementor-section elementor-top-section elementor-element elementor-element-4d0ca55 elementor-section-boxed elementor-section-height-default elementor-section-height-default\" data-id=\"4d0ca55\" data-element_type=\"section\" data-e-type=\"section\">\n\t\t\t\t\t\t<div class=\"elementor-container elementor-column-gap-default\">\n\t\t\t\t\t<div class=\"elementor-column elementor-col-100 elementor-top-column elementor-element elementor-element-c14618d\" data-id=\"c14618d\" data-element_type=\"column\" data-e-type=\"column\">\n\t\t\t<div class=\"elementor-widget-wrap elementor-element-populated\">\n\t\t\t\t\t\t<div class=\"elementor-element elementor-element-97a7b63 elementor-widget elementor-widget-spacer\" data-id=\"97a7b63\" data-element_type=\"widget\" data-e-type=\"widget\" data-widget_type=\"spacer.default\">\n\t\t\t\t<div class=\"elementor-widget-container\">\n\t\t\t\t\t\t\t<div class=\"elementor-spacer\">\n\t\t\t<div class=\"elementor-spacer-inner\"><\/div>\n\t\t<\/div>\n\t\t\t\t\t\t<\/div>\n\t\t\t\t<\/div>\n\t\t\t\t\t<\/div>\n\t\t<\/div>\n\t\t\t\t\t<\/div>\n\t\t<\/section>\n\t\t\t\t<section class=\"elementor-section elementor-top-section elementor-element elementor-element-7c2b2ed elementor-section-boxed elementor-section-height-default elementor-section-height-default\" data-id=\"7c2b2ed\" data-element_type=\"section\" data-e-type=\"section\">\n\t\t\t\t\t\t<div class=\"elementor-container elementor-column-gap-default\">\n\t\t\t\t\t<div class=\"elementor-column elementor-col-100 elementor-top-column elementor-element elementor-element-856f068\" data-id=\"856f068\" data-element_type=\"column\" data-e-type=\"column\">\n\t\t\t<div class=\"elementor-widget-wrap elementor-element-populated\">\n\t\t\t\t\t\t<div class=\"elementor-element elementor-element-e158e63 elementor-widget elementor-widget-text-editor\" data-id=\"e158e63\" data-element_type=\"widget\" data-e-type=\"widget\" data-widget_type=\"text-editor.default\">\n\t\t\t\t<div class=\"elementor-widget-container\">\n\t\t\t\t\t\t\t\t\t<p>Podporte n\u00e1s 2 % z dane a pom\u00f4\u017ete mlad\u00fdm r\u00e1s\u0165!<\/p>\n<p><br>Ka\u017ed\u00fd rok m\u00e1te mo\u017enos\u0165 rozhodn\u00fa\u0165, kam poputuj\u00fa 2 % z va\u0161ich dan\u00ed. Ak v\u00e1m z\u00e1le\u017e\u00ed na podpore mlad\u00fdch \u013eud\u00ed, vzdel\u00e1van\u00ed, ekol\u00f3gii a inov\u00e1ci\u00e1ch, darujte ich organiz\u00e1cii Youth for Equality.<\/p>\n<p><br>\ud83d\udc9a Pre\u010do n\u00e1s podpori\u0165?<br>V\u010faka va\u0161ej pomoci m\u00f4\u017eeme:<br>\u2714 Organizova\u0165 vzdel\u00e1vacie programy a workshopy pre mlad\u00fdch \u013eud\u00ed v oblasti zelen\u00fdch technol\u00f3gi\u00ed, umenia a podnikania.<br>\u2714 Vytv\u00e1ra\u0165 medzin\u00e1rodn\u00e9 projekty, ktor\u00e9 sp\u00e1jaj\u00fa mlad\u00fdch \u013eud\u00ed zo Slovenska a zahrani\u010dia.<br>\u2714 Podporova\u0165 udr\u017eate\u013en\u00e9 a ekologick\u00e9 iniciat\u00edvy, ktor\u00e9 prin\u00e1\u0161aj\u00fa re\u00e1lne rie\u0161enia pre lep\u0161iu bud\u00facnos\u0165.<br>\u2714 Rozv\u00edja\u0165 tvorivos\u0165 a podnikavos\u0165 mlad\u00fdch, aby mali lep\u0161ie \u0161ance na trhu pr\u00e1ce.<\/p>\n<p><br>\ud83d\udca1 Ako darova\u0165 2 %?<br>1\ufe0f\u20e3 Po\u017eiadajte svojho zamestn\u00e1vate\u013ea o potvrdenie o zaplaten\u00ed dane.<br>2\ufe0f\u20e3 Vypl\u0148te vyhl\u00e1senie o pouk\u00e1zan\u00ed 2 % (n\u00e1jdete ho ni\u017e\u0161ie).<br>3\ufe0f\u20e3 Po\u0161lite formul\u00e1re na v\u00e1\u0161 da\u0148ov\u00fd \u00farad do 30. apr\u00edla.<\/p>\n<p><br>\ud83d\udce5 Stiahnite si potrebn\u00e9 formul\u00e1re:<br>\u27a1 Vyhl\u00e1senie o pouk\u00e1zan\u00ed 2 % <a href=\"https:\/\/www.financnasprava.sk\/\/_img\/pfsedit\/Dokumenty_PFS\/Zverejnovanie_dok\/Vzory_tlaciv\/Zavisla_cinnost_5ZD\/2021\/2021.11.05_Vyhla_V2Pv21_1.pdf\">link<\/a>&nbsp;<br>\u27a1 Potvrdenie o zaplaten\u00ed dane <a href=\"https:\/\/www.financnasprava.sk\/\/_img\/pfsedit\/Dokumenty_PFS\/Zverejnovanie_dok\/Vzory_tlaciv\/Zavisla_cinnost_5ZD\/2018\/2018.12.07_pr%C3%ADloha5.pdf\">link&nbsp;<\/a><\/p>\n<p><br><\/p>\n<p><br><\/p>\n<p>\ud83d\udccd Na\u0161e \u00fadaje pre darovanie 2 %:<br>\u270f N\u00e1zov organiz\u00e1cie: Youth for Equality<br>\ud83d\udccc I\u010cO: 50659171<br>\ud83c\udfdb Pr\u00e1vna forma: Ob\u010dianske zdru\u017eenie<\/p><p><br>\ud83d\udd17 Viac inform\u00e1ci\u00ed o na\u0161ej pr\u00e1ci n\u00e1jdete na: www.youthforequality.sk<\/p><p><br>\u010eakujeme, \u017ee pom\u00e1hate mlad\u00fdm \u013eu\u010fom r\u00e1s\u0165 a rozv\u00edja\u0165 sa! \ud83d\udc99<\/p>\n<p><!-- \/wp:paragraph --><\/p>\t\t\t\t\t\t\t\t<\/div>\n\t\t\t\t<\/div>\n\t\t\t\t\t<\/div>\n\t\t<\/div>\n\t\t\t\t\t<\/div>\n\t\t<\/section>\n\t\t\t\t<section class=\"elementor-section elementor-top-section elementor-element elementor-element-4036978 elementor-section-boxed elementor-section-height-default elementor-section-height-default\" data-id=\"4036978\" data-element_type=\"section\" data-e-type=\"section\">\n\t\t\t\t\t\t<div class=\"elementor-container elementor-column-gap-default\">\n\t\t\t\t\t<div class=\"elementor-column elementor-col-100 elementor-top-column elementor-element elementor-element-42ab242\" data-id=\"42ab242\" data-element_type=\"column\" data-e-type=\"column\">\n\t\t\t<div class=\"elementor-widget-wrap elementor-element-populated\">\n\t\t\t\t\t\t<div class=\"elementor-element elementor-element-635a28c elementor-widget elementor-widget-spacer\" data-id=\"635a28c\" data-element_type=\"widget\" data-e-type=\"widget\" data-widget_type=\"spacer.default\">\n\t\t\t\t<div class=\"elementor-widget-container\">\n\t\t\t\t\t\t\t<div class=\"elementor-spacer\">\n\t\t\t<div class=\"elementor-spacer-inner\"><\/div>\n\t\t<\/div>\n\t\t\t\t\t\t<\/div>\n\t\t\t\t<\/div>\n\t\t\t\t\t<\/div>\n\t\t<\/div>\n\t\t\t\t\t<\/div>\n\t\t<\/section>\n\t\t\t\t<\/div>\n\t\t","protected":false},"excerpt":{"rendered":"<p>Podporte n\u00e1s 2 % z dane a pom\u00f4\u017ete mlad\u00fdm r\u00e1s\u0165! Ka\u017ed\u00fd rok m\u00e1te mo\u017enos\u0165 rozhodn\u00fa\u0165, kam poputuj\u00fa 2 % z va\u0161ich dan\u00ed. Ak v\u00e1m z\u00e1le\u017e\u00ed na podpore mlad\u00fdch \u013eud\u00ed, vzdel\u00e1van\u00ed, ekol\u00f3gii a inov\u00e1ci\u00e1ch, darujte ich organiz\u00e1cii Youth for Equality. \ud83d\udc9a Pre\u010do n\u00e1s podpori\u0165?V\u010faka va\u0161ej pomoci m\u00f4\u017eeme:\u2714 Organizova\u0165 vzdel\u00e1vacie programy a workshopy pre mlad\u00fdch \u013eud\u00ed v&hellip;&nbsp;<a href=\"https:\/\/www.youthforequality.sk\/index.php\/podporte-nas\/\" class=\"\" rel=\"bookmark\">\u010c\u00edta\u0165 viac &raquo;<span class=\"screen-reader-text\">Podporte n\u00e1s<\/span><\/a><\/p>\n","protected":false},"author":2,"featured_media":0,"parent":0,"menu_order":0,"comment_status":"closed","ping_status":"closed","template":"elementor_header_footer","meta":{"_uf_show_specific_survey":0,"_uf_disable_surveys":false,"neve_meta_sidebar":"","neve_meta_container":"","neve_meta_enable_content_width":"","neve_meta_content_width":0,"neve_meta_title_alignment":"","neve_meta_author_avatar":"","neve_post_elements_order":"","neve_meta_disable_header":"","neve_meta_disable_footer":"","neve_meta_disable_title":"","_themeisle_gutenberg_block_has_review":false,"footnotes":""},"categories":[],"tags":[],"class_list":["post-8725","page","type-page","status-publish","hentry"],"yoast_head":"<!-- This site is optimized with the Yoast SEO plugin v27.4 - https:\/\/yoast.com\/product\/yoast-seo-wordpress\/ -->\n<title>Podporte n\u00e1s |<\/title>\n<meta name=\"robots\" content=\"index, follow, max-snippet:-1, max-image-preview:large, max-video-preview:-1\" \/>\n<link rel=\"canonical\" href=\"https:\/\/www.youthforequality.sk\/index.php\/podporte-nas\/\" \/>\n<meta property=\"og:locale\" content=\"sk_SK\" \/>\n<meta property=\"og:type\" content=\"article\" \/>\n<meta property=\"og:title\" content=\"Podporte n\u00e1s |\" \/>\n<meta property=\"og:description\" content=\"Podporte n\u00e1s 2 % z dane a pom\u00f4\u017ete mlad\u00fdm r\u00e1s\u0165! Ka\u017ed\u00fd rok m\u00e1te mo\u017enos\u0165 rozhodn\u00fa\u0165, kam poputuj\u00fa 2 % z va\u0161ich dan\u00ed. Ak v\u00e1m z\u00e1le\u017e\u00ed na podpore mlad\u00fdch \u013eud\u00ed, vzdel\u00e1van\u00ed, ekol\u00f3gii a inov\u00e1ci\u00e1ch, darujte ich organiz\u00e1cii Youth for Equality. \ud83d\udc9a Pre\u010do n\u00e1s podpori\u0165?V\u010faka va\u0161ej pomoci m\u00f4\u017eeme:\u2714 Organizova\u0165 vzdel\u00e1vacie programy a workshopy pre mlad\u00fdch \u013eud\u00ed v&hellip;&nbsp;\u010c\u00edta\u0165 viac &raquo;Podporte n\u00e1s\" \/>\n<meta property=\"og:url\" content=\"https:\/\/www.youthforequality.sk\/index.php\/podporte-nas\/\" \/>\n<meta property=\"article:publisher\" content=\"https:\/\/www.facebook.com\/yeslovakia\" \/>\n<meta property=\"article:modified_time\" content=\"2025-02-04T14:39:06+00:00\" \/>\n<meta name=\"twitter:card\" content=\"summary_large_image\" \/>\n<meta name=\"twitter:label1\" content=\"Predpokladan\u00fd \u010das \u010d\u00edtania\" \/>\n\t<meta name=\"twitter:data1\" content=\"2 min\u00faty\" \/>\n<script type=\"application\/ld+json\" class=\"yoast-schema-graph\">{\"@context\":\"https:\\\/\\\/schema.org\",\"@graph\":[{\"@type\":\"WebPage\",\"@id\":\"https:\\\/\\\/www.youthforequality.sk\\\/index.php\\\/podporte-nas\\\/\",\"url\":\"https:\\\/\\\/www.youthforequality.sk\\\/index.php\\\/podporte-nas\\\/\",\"name\":\"Podporte n\u00e1s |\",\"isPartOf\":{\"@id\":\"https:\\\/\\\/www.youthforequality.sk\\\/#website\"},\"datePublished\":\"2025-02-04T13:56:50+00:00\",\"dateModified\":\"2025-02-04T14:39:06+00:00\",\"breadcrumb\":{\"@id\":\"https:\\\/\\\/www.youthforequality.sk\\\/index.php\\\/podporte-nas\\\/#breadcrumb\"},\"inLanguage\":\"sk-SK\",\"potentialAction\":[{\"@type\":\"ReadAction\",\"target\":[\"https:\\\/\\\/www.youthforequality.sk\\\/index.php\\\/podporte-nas\\\/\"]}]},{\"@type\":\"BreadcrumbList\",\"@id\":\"https:\\\/\\\/www.youthforequality.sk\\\/index.php\\\/podporte-nas\\\/#breadcrumb\",\"itemListElement\":[{\"@type\":\"ListItem\",\"position\":1,\"name\":\"Home\",\"item\":\"https:\\\/\\\/www.youthforequality.sk\\\/\"},{\"@type\":\"ListItem\",\"position\":2,\"name\":\"Podporte n\u00e1s\"}]},{\"@type\":\"WebSite\",\"@id\":\"https:\\\/\\\/www.youthforequality.sk\\\/#website\",\"url\":\"https:\\\/\\\/www.youthforequality.sk\\\/\",\"name\":\"\",\"description\":\"\",\"publisher\":{\"@id\":\"https:\\\/\\\/www.youthforequality.sk\\\/#organization\"},\"potentialAction\":[{\"@type\":\"SearchAction\",\"target\":{\"@type\":\"EntryPoint\",\"urlTemplate\":\"https:\\\/\\\/www.youthforequality.sk\\\/?s={search_term_string}\"},\"query-input\":{\"@type\":\"PropertyValueSpecification\",\"valueRequired\":true,\"valueName\":\"search_term_string\"}}],\"inLanguage\":\"sk-SK\"},{\"@type\":\"Organization\",\"@id\":\"https:\\\/\\\/www.youthforequality.sk\\\/#organization\",\"name\":\"Youth for Equality\",\"url\":\"https:\\\/\\\/www.youthforequality.sk\\\/\",\"logo\":{\"@type\":\"ImageObject\",\"inLanguage\":\"sk-SK\",\"@id\":\"https:\\\/\\\/www.youthforequality.sk\\\/#\\\/schema\\\/logo\\\/image\\\/\",\"url\":\"https:\\\/\\\/www.youthforequality.sk\\\/wp-content\\\/uploads\\\/2021\\\/01\\\/vynovene-logo-nove-farby_modra-na-web.png\",\"contentUrl\":\"https:\\\/\\\/www.youthforequality.sk\\\/wp-content\\\/uploads\\\/2021\\\/01\\\/vynovene-logo-nove-farby_modra-na-web.png\",\"width\":1,\"height\":1,\"caption\":\"Youth for Equality\"},\"image\":{\"@id\":\"https:\\\/\\\/www.youthforequality.sk\\\/#\\\/schema\\\/logo\\\/image\\\/\"},\"sameAs\":[\"https:\\\/\\\/www.facebook.com\\\/yeslovakia\"]}]}<\/script>\n<!-- \/ Yoast SEO plugin. -->","yoast_head_json":{"title":"Podporte n\u00e1s |","robots":{"index":"index","follow":"follow","max-snippet":"max-snippet:-1","max-image-preview":"max-image-preview:large","max-video-preview":"max-video-preview:-1"},"canonical":"https:\/\/www.youthforequality.sk\/index.php\/podporte-nas\/","og_locale":"sk_SK","og_type":"article","og_title":"Podporte n\u00e1s |","og_description":"Podporte n\u00e1s 2 % z dane a pom\u00f4\u017ete mlad\u00fdm r\u00e1s\u0165! Ka\u017ed\u00fd rok m\u00e1te mo\u017enos\u0165 rozhodn\u00fa\u0165, kam poputuj\u00fa 2 % z va\u0161ich dan\u00ed. Ak v\u00e1m z\u00e1le\u017e\u00ed na podpore mlad\u00fdch \u013eud\u00ed, vzdel\u00e1van\u00ed, ekol\u00f3gii a inov\u00e1ci\u00e1ch, darujte ich organiz\u00e1cii Youth for Equality. \ud83d\udc9a Pre\u010do n\u00e1s podpori\u0165?V\u010faka va\u0161ej pomoci m\u00f4\u017eeme:\u2714 Organizova\u0165 vzdel\u00e1vacie programy a workshopy pre mlad\u00fdch \u013eud\u00ed v&hellip;&nbsp;\u010c\u00edta\u0165 viac &raquo;Podporte n\u00e1s","og_url":"https:\/\/www.youthforequality.sk\/index.php\/podporte-nas\/","article_publisher":"https:\/\/www.facebook.com\/yeslovakia","article_modified_time":"2025-02-04T14:39:06+00:00","twitter_card":"summary_large_image","twitter_misc":{"Predpokladan\u00fd \u010das \u010d\u00edtania":"2 min\u00faty"},"schema":{"@context":"https:\/\/schema.org","@graph":[{"@type":"WebPage","@id":"https:\/\/www.youthforequality.sk\/index.php\/podporte-nas\/","url":"https:\/\/www.youthforequality.sk\/index.php\/podporte-nas\/","name":"Podporte n\u00e1s |","isPartOf":{"@id":"https:\/\/www.youthforequality.sk\/#website"},"datePublished":"2025-02-04T13:56:50+00:00","dateModified":"2025-02-04T14:39:06+00:00","breadcrumb":{"@id":"https:\/\/www.youthforequality.sk\/index.php\/podporte-nas\/#breadcrumb"},"inLanguage":"sk-SK","potentialAction":[{"@type":"ReadAction","target":["https:\/\/www.youthforequality.sk\/index.php\/podporte-nas\/"]}]},{"@type":"BreadcrumbList","@id":"https:\/\/www.youthforequality.sk\/index.php\/podporte-nas\/#breadcrumb","itemListElement":[{"@type":"ListItem","position":1,"name":"Home","item":"https:\/\/www.youthforequality.sk\/"},{"@type":"ListItem","position":2,"name":"Podporte n\u00e1s"}]},{"@type":"WebSite","@id":"https:\/\/www.youthforequality.sk\/#website","url":"https:\/\/www.youthforequality.sk\/","name":"","description":"","publisher":{"@id":"https:\/\/www.youthforequality.sk\/#organization"},"potentialAction":[{"@type":"SearchAction","target":{"@type":"EntryPoint","urlTemplate":"https:\/\/www.youthforequality.sk\/?s={search_term_string}"},"query-input":{"@type":"PropertyValueSpecification","valueRequired":true,"valueName":"search_term_string"}}],"inLanguage":"sk-SK"},{"@type":"Organization","@id":"https:\/\/www.youthforequality.sk\/#organization","name":"Youth for Equality","url":"https:\/\/www.youthforequality.sk\/","logo":{"@type":"ImageObject","inLanguage":"sk-SK","@id":"https:\/\/www.youthforequality.sk\/#\/schema\/logo\/image\/","url":"https:\/\/www.youthforequality.sk\/wp-content\/uploads\/2021\/01\/vynovene-logo-nove-farby_modra-na-web.png","contentUrl":"https:\/\/www.youthforequality.sk\/wp-content\/uploads\/2021\/01\/vynovene-logo-nove-farby_modra-na-web.png","width":1,"height":1,"caption":"Youth for Equality"},"image":{"@id":"https:\/\/www.youthforequality.sk\/#\/schema\/logo\/image\/"},"sameAs":["https:\/\/www.facebook.com\/yeslovakia"]}]}},"_links":{"self":[{"href":"https:\/\/www.youthforequality.sk\/index.php\/wp-json\/wp\/v2\/pages\/8725","targetHints":{"allow":["GET"]}}],"collection":[{"href":"https:\/\/www.youthforequality.sk\/index.php\/wp-json\/wp\/v2\/pages"}],"about":[{"href":"https:\/\/www.youthforequality.sk\/index.php\/wp-json\/wp\/v2\/types\/page"}],"author":[{"embeddable":true,"href":"https:\/\/www.youthforequality.sk\/index.php\/wp-json\/wp\/v2\/users\/2"}],"replies":[{"embeddable":true,"href":"https:\/\/www.youthforequality.sk\/index.php\/wp-json\/wp\/v2\/comments?post=8725"}],"version-history":[{"count":7,"href":"https:\/\/www.youthforequality.sk\/index.php\/wp-json\/wp\/v2\/pages\/8725\/revisions"}],"predecessor-version":[{"id":8733,"href":"https:\/\/www.youthforequality.sk\/index.php\/wp-json\/wp\/v2\/pages\/8725\/revisions\/8733"}],"wp:attachment":[{"href":"https:\/\/www.youthforequality.sk\/index.php\/wp-json\/wp\/v2\/media?parent=8725"}],"wp:term":[{"taxonomy":"category","embeddable":true,"href":"https:\/\/www.youthforequality.sk\/index.php\/wp-json\/wp\/v2\/categories?post=8725"},{"taxonomy":"post_tag","embeddable":true,"href":"https:\/\/www.youthforequality.sk\/index.php\/wp-json\/wp\/v2\/tags?post=8725"}],"curies":[{"name":"wp","href":"https:\/\/api.w.org\/{rel}","templated":true}]}}