{"id":949,"date":"2020-04-27T10:34:40","date_gmt":"2020-04-27T10:34:40","guid":{"rendered":"https:\/\/www.youthforequality.sk\/?page_id=949"},"modified":"2020-11-30T21:51:56","modified_gmt":"2020-11-30T21:51:56","slug":"wise-mind","status":"publish","type":"page","link":"https:\/\/www.youthforequality.sk\/index.php\/activitiy\/skolenia-neaktualna-verzia\/skolenia-pre-pracovnikov-s-mladezou\/wise-mind\/","title":{"rendered":"Wise Mind"},"content":{"rendered":"\n<figure class=\"wp-block-gallery columns-1 is-cropped wp-block-gallery-1 is-layout-flex wp-block-gallery-is-layout-flex\"><ul class=\"blocks-gallery-grid\"><li class=\"blocks-gallery-item\"><figure><img fetchpriority=\"high\" decoding=\"async\" width=\"400\" height=\"409\" src=\"https:\/\/www.youthforequality.sk\/wp-content\/uploads\/2020\/11\/wisemind.png\" alt=\"\" data-id=\"1698\" data-full-url=\"https:\/\/www.youthforequality.sk\/wp-content\/uploads\/2020\/11\/wisemind.png\" data-link=\"https:\/\/www.youthforequality.sk\/index.php\/zapoj-sa\/skolenia-a-mladeznicke-vymeny-copy\/skolenia-pre-pracovnikov-s-mladezou\/wise-mind\/wisemind\/\" class=\"wp-image-1698\" srcset=\"https:\/\/www.youthforequality.sk\/wp-content\/uploads\/2020\/11\/wisemind.png 400w, https:\/\/www.youthforequality.sk\/wp-content\/uploads\/2020\/11\/wisemind-293x300.png 293w\" sizes=\"(max-width: 400px) 100vw, 400px\" \/><\/figure><\/li><\/ul><\/figure>\n\n\n\n<p>The Wise Mind Project with 2019-2-TR01\u00ad-KA205-078707 contract number is supported by European Commission via Turkish National Agency within the scope of Erasmus+ Youth Education Key Action 2. Coordinated by Istabul Provincial Directorate of Family, Labour and Social Services (IFLSS) from 01\/11\/2019 \u2013 31\/10\/2022.<\/p>\n\n\n\n<p>The project has 9 partners in total: Governship of Istanbul, Istanbul University \u2013 Cerrahpa\u015fa, Baslangic (International Association of New Beginnings by Prevention and Treatment of Trauma), YOUNET (Italy), Youth for Equality (Slovakia), Anata Foundation (The Netherlands), Drosostalida (Greece) and Human&amp;Longevity (Bulgaria).<\/p>\n\n\n\n<p>The target groups of the Wise Mind Project are traumatised young people and the youth workers working with them. Young people may experience emotional, physical and psychological difficulties in their daily lives due to the trauma they have experienced. This situation can affect the youth workers working with them psychologically, physically and emotionally, too. Youth workers play an active role in solving the problems of disadvantaged young people in the society. In order to provide effective solutions in these process, a youth worker must be self-sufficient spiritually, physically and socially. However, with daily life stress burden and intense work pressure, youth workers do not know how to behave in times of crisis, as a result, they see themselves inadequate in solving young individuals\u2019 problems and feel exhausted. Youth workers need to learn how to manage the process for the well-being of both young people and themselves. Since there is not any method to follow in situations such as crisis and stress management, they cannot respond to the demands of young people with demanded efficiency. In order to improve these situations, it was necessary to prepare a guide that can be used in many areas.<\/p>\n\n\n\n<p>For these target groups, the intended results are as follows:<\/p>\n\n\n\n<p>&#8211; Managing the problems they have in daily life with specific crisis management techniques which will be developed,<br><br>\u2013 Developing skills to reduce the frequency and severity of behavioral crisis<\/p>\n\n\n\n<p>\u2013 Preparing a crisis management guide that can be used by professionals (youth workers) to facilitate the lives of disadvantaged young people in society in order to enable them to deal effectively with the problems they face.<br><br>\u2013 Increasing the mental, physical and social endurance of professionals (youth workers) to better cope with the moment of crisis and to manage stress successfully.<\/p>\n\n\n\n<p>\u2013 It is aimed to ensure that professionals (youth workers) manage crises better by changing their behaviors and produce more effective solutions to solve the problems of young people they are responsible for.<\/p>\n\n\n\n<p>For these purposes, 3 intellectual outputs will be developed in the project.<\/p>\n\n\n\n<p>1) WISE Skills designated by the Mixed Method<\/p>\n\n\n\n<p>2) Wise Mind Development of new holistic self care system for youth workers \u2013 \u201cWise Mind\u201d<\/p>\n\n\n\n<p>3) Case-Study Analysis E-Platform<\/p>\n\n\n\n<figure class=\"wp-block-gallery columns-2 is-cropped wp-block-gallery-2 is-layout-flex wp-block-gallery-is-layout-flex\"><ul class=\"blocks-gallery-grid\"><li class=\"blocks-gallery-item\"><figure><img decoding=\"async\" width=\"724\" height=\"1024\" src=\"https:\/\/www.youthforequality.sk\/wp-content\/uploads\/2020\/11\/Wise-Mind_1st-Newsletter_Final-1-724x1024.jpg\" alt=\"\" data-id=\"1699\" data-full-url=\"https:\/\/www.youthforequality.sk\/wp-content\/uploads\/2020\/11\/Wise-Mind_1st-Newsletter_Final-1.jpg\" data-link=\"https:\/\/www.youthforequality.sk\/index.php\/zapoj-sa\/skolenia-a-mladeznicke-vymeny-copy\/skolenia-pre-pracovnikov-s-mladezou\/wise-mind\/wise-mind_1st-newsletter_final-1\/\" class=\"wp-image-1699\" srcset=\"https:\/\/www.youthforequality.sk\/wp-content\/uploads\/2020\/11\/Wise-Mind_1st-Newsletter_Final-1-724x1024.jpg 724w, https:\/\/www.youthforequality.sk\/wp-content\/uploads\/2020\/11\/Wise-Mind_1st-Newsletter_Final-1-212x300.jpg 212w, https:\/\/www.youthforequality.sk\/wp-content\/uploads\/2020\/11\/Wise-Mind_1st-Newsletter_Final-1-768x1086.jpg 768w, https:\/\/www.youthforequality.sk\/wp-content\/uploads\/2020\/11\/Wise-Mind_1st-Newsletter_Final-1-1086x1536.jpg 1086w, https:\/\/www.youthforequality.sk\/wp-content\/uploads\/2020\/11\/Wise-Mind_1st-Newsletter_Final-1-1448x2048.jpg 1448w, https:\/\/www.youthforequality.sk\/wp-content\/uploads\/2020\/11\/Wise-Mind_1st-Newsletter_Final-1-540x764.jpg 540w, https:\/\/www.youthforequality.sk\/wp-content\/uploads\/2020\/11\/Wise-Mind_1st-Newsletter_Final-1-1080x1527.jpg 1080w, https:\/\/www.youthforequality.sk\/wp-content\/uploads\/2020\/11\/Wise-Mind_1st-Newsletter_Final-1.jpg 1654w\" sizes=\"(max-width: 724px) 100vw, 724px\" \/><\/figure><\/li><li class=\"blocks-gallery-item\"><figure><img decoding=\"async\" width=\"724\" height=\"1024\" src=\"https:\/\/www.youthforequality.sk\/wp-content\/uploads\/2020\/11\/Wise-Mind_1st-Newsletter_Final-2-724x1024.jpg\" alt=\"\" data-id=\"1700\" data-full-url=\"https:\/\/www.youthforequality.sk\/wp-content\/uploads\/2020\/11\/Wise-Mind_1st-Newsletter_Final-2.jpg\" data-link=\"https:\/\/www.youthforequality.sk\/index.php\/zapoj-sa\/skolenia-a-mladeznicke-vymeny-copy\/skolenia-pre-pracovnikov-s-mladezou\/wise-mind\/wise-mind_1st-newsletter_final-2\/\" class=\"wp-image-1700\" srcset=\"https:\/\/www.youthforequality.sk\/wp-content\/uploads\/2020\/11\/Wise-Mind_1st-Newsletter_Final-2-724x1024.jpg 724w, https:\/\/www.youthforequality.sk\/wp-content\/uploads\/2020\/11\/Wise-Mind_1st-Newsletter_Final-2-212x300.jpg 212w, https:\/\/www.youthforequality.sk\/wp-content\/uploads\/2020\/11\/Wise-Mind_1st-Newsletter_Final-2-768x1086.jpg 768w, https:\/\/www.youthforequality.sk\/wp-content\/uploads\/2020\/11\/Wise-Mind_1st-Newsletter_Final-2-1086x1536.jpg 1086w, https:\/\/www.youthforequality.sk\/wp-content\/uploads\/2020\/11\/Wise-Mind_1st-Newsletter_Final-2-1448x2048.jpg 1448w, https:\/\/www.youthforequality.sk\/wp-content\/uploads\/2020\/11\/Wise-Mind_1st-Newsletter_Final-2-540x764.jpg 540w, https:\/\/www.youthforequality.sk\/wp-content\/uploads\/2020\/11\/Wise-Mind_1st-Newsletter_Final-2-1080x1527.jpg 1080w, https:\/\/www.youthforequality.sk\/wp-content\/uploads\/2020\/11\/Wise-Mind_1st-Newsletter_Final-2.jpg 1654w\" sizes=\"(max-width: 724px) 100vw, 724px\" \/><\/figure><\/li><\/ul><\/figure>\n\n\n\n<p><a href=\"https:\/\/wisemindproject.eu\/\">wwww.wisemindproject.eu<\/a><\/p>\n","protected":false},"excerpt":{"rendered":"<p>The Wise Mind Project with 2019-2-TR01\u00ad-KA205-078707 contract number is supported by European Commission via Turkish National Agency within the scope of Erasmus+ Youth Education Key Action 2. Coordinated by Istabul Provincial Directorate of Family, Labour and Social Services (IFLSS) from 01\/11\/2019 \u2013 31\/10\/2022. The project has 9 partners in total: Governship of Istanbul, Istanbul University&hellip;&nbsp;<a href=\"https:\/\/www.youthforequality.sk\/index.php\/activitiy\/skolenia-neaktualna-verzia\/skolenia-pre-pracovnikov-s-mladezou\/wise-mind\/\" class=\"\" rel=\"bookmark\">\u010c\u00edta\u0165 viac &raquo;<span class=\"screen-reader-text\">Wise Mind<\/span><\/a><\/p>\n","protected":false},"author":1,"featured_media":14,"parent":1594,"menu_order":0,"comment_status":"closed","ping_status":"closed","template":"template-full-width-cover.php","meta":{"_uf_show_specific_survey":0,"_uf_disable_surveys":false,"neve_meta_sidebar":"","neve_meta_container":"","neve_meta_enable_content_width":"","neve_meta_content_width":0,"neve_meta_title_alignment":"","neve_meta_author_avatar":"","neve_post_elements_order":"","neve_meta_disable_header":"","neve_meta_disable_footer":"","neve_meta_disable_title":"","_themeisle_gutenberg_block_has_review":false,"footnotes":""},"categories":[],"tags":[],"class_list":["post-949","page","type-page","status-publish","has-post-thumbnail","hentry"],"yoast_head":"<!-- This site is optimized with the Yoast SEO plugin v27.5 - https:\/\/yoast.com\/product\/yoast-seo-wordpress\/ -->\n<title>Wise Mind |<\/title>\n<meta name=\"robots\" content=\"index, follow, max-snippet:-1, max-image-preview:large, max-video-preview:-1\" \/>\n<link rel=\"canonical\" href=\"https:\/\/www.youthforequality.sk\/index.php\/activitiy\/skolenia-neaktualna-verzia\/skolenia-pre-pracovnikov-s-mladezou\/wise-mind\/\" \/>\n<meta property=\"og:locale\" content=\"sk_SK\" \/>\n<meta property=\"og:type\" content=\"article\" \/>\n<meta property=\"og:title\" content=\"Wise Mind |\" \/>\n<meta property=\"og:description\" content=\"The Wise Mind Project with 2019-2-TR01\u00ad-KA205-078707 contract number is supported by European Commission via Turkish National Agency within the scope of Erasmus+ Youth Education Key Action 2. Coordinated by Istabul Provincial Directorate of Family, Labour and Social Services (IFLSS) from 01\/11\/2019 \u2013 31\/10\/2022. The project has 9 partners in total: Governship of Istanbul, Istanbul University&hellip;&nbsp;\u010c\u00edta\u0165 viac &raquo;Wise Mind\" \/>\n<meta property=\"og:url\" content=\"https:\/\/www.youthforequality.sk\/index.php\/activitiy\/skolenia-neaktualna-verzia\/skolenia-pre-pracovnikov-s-mladezou\/wise-mind\/\" \/>\n<meta property=\"article:publisher\" content=\"https:\/\/www.facebook.com\/yeslovakia\" \/>\n<meta property=\"article:modified_time\" content=\"2020-11-30T21:51:56+00:00\" \/>\n<meta property=\"og:image\" content=\"https:\/\/www.youthforequality.sk\/wp-content\/uploads\/2020\/04\/Young-People-Working-scaled.jpg\" \/>\n\t<meta property=\"og:image:width\" content=\"2560\" \/>\n\t<meta property=\"og:image:height\" content=\"1706\" \/>\n\t<meta property=\"og:image:type\" content=\"image\/jpeg\" \/>\n<meta name=\"twitter:card\" content=\"summary_large_image\" \/>\n<meta name=\"twitter:label1\" content=\"Predpokladan\u00fd \u010das \u010d\u00edtania\" \/>\n\t<meta name=\"twitter:data1\" content=\"2 min\u00faty\" \/>\n<script type=\"application\/ld+json\" class=\"yoast-schema-graph\">{\"@context\":\"https:\\\/\\\/schema.org\",\"@graph\":[{\"@type\":\"WebPage\",\"@id\":\"https:\\\/\\\/www.youthforequality.sk\\\/index.php\\\/activitiy\\\/skolenia-neaktualna-verzia\\\/skolenia-pre-pracovnikov-s-mladezou\\\/wise-mind\\\/\",\"url\":\"https:\\\/\\\/www.youthforequality.sk\\\/index.php\\\/activitiy\\\/skolenia-neaktualna-verzia\\\/skolenia-pre-pracovnikov-s-mladezou\\\/wise-mind\\\/\",\"name\":\"Wise Mind |\",\"isPartOf\":{\"@id\":\"https:\\\/\\\/www.youthforequality.sk\\\/#website\"},\"primaryImageOfPage\":{\"@id\":\"https:\\\/\\\/www.youthforequality.sk\\\/index.php\\\/activitiy\\\/skolenia-neaktualna-verzia\\\/skolenia-pre-pracovnikov-s-mladezou\\\/wise-mind\\\/#primaryimage\"},\"image\":{\"@id\":\"https:\\\/\\\/www.youthforequality.sk\\\/index.php\\\/activitiy\\\/skolenia-neaktualna-verzia\\\/skolenia-pre-pracovnikov-s-mladezou\\\/wise-mind\\\/#primaryimage\"},\"thumbnailUrl\":\"https:\\\/\\\/www.youthforequality.sk\\\/wp-content\\\/uploads\\\/2020\\\/04\\\/Young-People-Working-scaled.jpg\",\"datePublished\":\"2020-04-27T10:34:40+00:00\",\"dateModified\":\"2020-11-30T21:51:56+00:00\",\"breadcrumb\":{\"@id\":\"https:\\\/\\\/www.youthforequality.sk\\\/index.php\\\/activitiy\\\/skolenia-neaktualna-verzia\\\/skolenia-pre-pracovnikov-s-mladezou\\\/wise-mind\\\/#breadcrumb\"},\"inLanguage\":\"sk-SK\",\"potentialAction\":[{\"@type\":\"ReadAction\",\"target\":[\"https:\\\/\\\/www.youthforequality.sk\\\/index.php\\\/activitiy\\\/skolenia-neaktualna-verzia\\\/skolenia-pre-pracovnikov-s-mladezou\\\/wise-mind\\\/\"]}]},{\"@type\":\"ImageObject\",\"inLanguage\":\"sk-SK\",\"@id\":\"https:\\\/\\\/www.youthforequality.sk\\\/index.php\\\/activitiy\\\/skolenia-neaktualna-verzia\\\/skolenia-pre-pracovnikov-s-mladezou\\\/wise-mind\\\/#primaryimage\",\"url\":\"https:\\\/\\\/www.youthforequality.sk\\\/wp-content\\\/uploads\\\/2020\\\/04\\\/Young-People-Working-scaled.jpg\",\"contentUrl\":\"https:\\\/\\\/www.youthforequality.sk\\\/wp-content\\\/uploads\\\/2020\\\/04\\\/Young-People-Working-scaled.jpg\",\"width\":2560,\"height\":1706},{\"@type\":\"BreadcrumbList\",\"@id\":\"https:\\\/\\\/www.youthforequality.sk\\\/index.php\\\/activitiy\\\/skolenia-neaktualna-verzia\\\/skolenia-pre-pracovnikov-s-mladezou\\\/wise-mind\\\/#breadcrumb\",\"itemListElement\":[{\"@type\":\"ListItem\",\"position\":1,\"name\":\"Home\",\"item\":\"https:\\\/\\\/www.youthforequality.sk\\\/\"},{\"@type\":\"ListItem\",\"position\":2,\"name\":\"Aktivity\",\"item\":\"https:\\\/\\\/www.youthforequality.sk\\\/index.php\\\/activitiy\\\/\"},{\"@type\":\"ListItem\",\"position\":3,\"name\":\"S\u00fakromn\u00e9: \u0160kolenia &#8211; neaktu\u00e1lna verzia\",\"item\":\"https:\\\/\\\/www.youthforequality.sk\\\/index.php\\\/activitiy\\\/skolenia-neaktualna-verzia\\\/\"},{\"@type\":\"ListItem\",\"position\":4,\"name\":\"\u010co s\u00fa \u0161kolenia?\",\"item\":\"https:\\\/\\\/www.youthforequality.sk\\\/index.php\\\/activitiy\\\/skolenia-neaktualna-verzia\\\/skolenia-pre-pracovnikov-s-mladezou\\\/\"},{\"@type\":\"ListItem\",\"position\":5,\"name\":\"Wise Mind\"}]},{\"@type\":\"WebSite\",\"@id\":\"https:\\\/\\\/www.youthforequality.sk\\\/#website\",\"url\":\"https:\\\/\\\/www.youthforequality.sk\\\/\",\"name\":\"\",\"description\":\"\",\"publisher\":{\"@id\":\"https:\\\/\\\/www.youthforequality.sk\\\/#organization\"},\"potentialAction\":[{\"@type\":\"SearchAction\",\"target\":{\"@type\":\"EntryPoint\",\"urlTemplate\":\"https:\\\/\\\/www.youthforequality.sk\\\/?s={search_term_string}\"},\"query-input\":{\"@type\":\"PropertyValueSpecification\",\"valueRequired\":true,\"valueName\":\"search_term_string\"}}],\"inLanguage\":\"sk-SK\"},{\"@type\":\"Organization\",\"@id\":\"https:\\\/\\\/www.youthforequality.sk\\\/#organization\",\"name\":\"Youth for Equality\",\"url\":\"https:\\\/\\\/www.youthforequality.sk\\\/\",\"logo\":{\"@type\":\"ImageObject\",\"inLanguage\":\"sk-SK\",\"@id\":\"https:\\\/\\\/www.youthforequality.sk\\\/#\\\/schema\\\/logo\\\/image\\\/\",\"url\":\"https:\\\/\\\/www.youthforequality.sk\\\/wp-content\\\/uploads\\\/2021\\\/01\\\/vynovene-logo-nove-farby_modra-na-web.png\",\"contentUrl\":\"https:\\\/\\\/www.youthforequality.sk\\\/wp-content\\\/uploads\\\/2021\\\/01\\\/vynovene-logo-nove-farby_modra-na-web.png\",\"width\":1,\"height\":1,\"caption\":\"Youth for Equality\"},\"image\":{\"@id\":\"https:\\\/\\\/www.youthforequality.sk\\\/#\\\/schema\\\/logo\\\/image\\\/\"},\"sameAs\":[\"https:\\\/\\\/www.facebook.com\\\/yeslovakia\"]}]}<\/script>\n<!-- \/ Yoast SEO plugin. -->","yoast_head_json":{"title":"Wise Mind |","robots":{"index":"index","follow":"follow","max-snippet":"max-snippet:-1","max-image-preview":"max-image-preview:large","max-video-preview":"max-video-preview:-1"},"canonical":"https:\/\/www.youthforequality.sk\/index.php\/activitiy\/skolenia-neaktualna-verzia\/skolenia-pre-pracovnikov-s-mladezou\/wise-mind\/","og_locale":"sk_SK","og_type":"article","og_title":"Wise Mind |","og_description":"The Wise Mind Project with 2019-2-TR01\u00ad-KA205-078707 contract number is supported by European Commission via Turkish National Agency within the scope of Erasmus+ Youth Education Key Action 2. Coordinated by Istabul Provincial Directorate of Family, Labour and Social Services (IFLSS) from 01\/11\/2019 \u2013 31\/10\/2022. The project has 9 partners in total: Governship of Istanbul, Istanbul University&hellip;&nbsp;\u010c\u00edta\u0165 viac &raquo;Wise Mind","og_url":"https:\/\/www.youthforequality.sk\/index.php\/activitiy\/skolenia-neaktualna-verzia\/skolenia-pre-pracovnikov-s-mladezou\/wise-mind\/","article_publisher":"https:\/\/www.facebook.com\/yeslovakia","article_modified_time":"2020-11-30T21:51:56+00:00","og_image":[{"width":2560,"height":1706,"url":"https:\/\/www.youthforequality.sk\/wp-content\/uploads\/2020\/04\/Young-People-Working-scaled.jpg","type":"image\/jpeg"}],"twitter_card":"summary_large_image","twitter_misc":{"Predpokladan\u00fd \u010das \u010d\u00edtania":"2 min\u00faty"},"schema":{"@context":"https:\/\/schema.org","@graph":[{"@type":"WebPage","@id":"https:\/\/www.youthforequality.sk\/index.php\/activitiy\/skolenia-neaktualna-verzia\/skolenia-pre-pracovnikov-s-mladezou\/wise-mind\/","url":"https:\/\/www.youthforequality.sk\/index.php\/activitiy\/skolenia-neaktualna-verzia\/skolenia-pre-pracovnikov-s-mladezou\/wise-mind\/","name":"Wise Mind |","isPartOf":{"@id":"https:\/\/www.youthforequality.sk\/#website"},"primaryImageOfPage":{"@id":"https:\/\/www.youthforequality.sk\/index.php\/activitiy\/skolenia-neaktualna-verzia\/skolenia-pre-pracovnikov-s-mladezou\/wise-mind\/#primaryimage"},"image":{"@id":"https:\/\/www.youthforequality.sk\/index.php\/activitiy\/skolenia-neaktualna-verzia\/skolenia-pre-pracovnikov-s-mladezou\/wise-mind\/#primaryimage"},"thumbnailUrl":"https:\/\/www.youthforequality.sk\/wp-content\/uploads\/2020\/04\/Young-People-Working-scaled.jpg","datePublished":"2020-04-27T10:34:40+00:00","dateModified":"2020-11-30T21:51:56+00:00","breadcrumb":{"@id":"https:\/\/www.youthforequality.sk\/index.php\/activitiy\/skolenia-neaktualna-verzia\/skolenia-pre-pracovnikov-s-mladezou\/wise-mind\/#breadcrumb"},"inLanguage":"sk-SK","potentialAction":[{"@type":"ReadAction","target":["https:\/\/www.youthforequality.sk\/index.php\/activitiy\/skolenia-neaktualna-verzia\/skolenia-pre-pracovnikov-s-mladezou\/wise-mind\/"]}]},{"@type":"ImageObject","inLanguage":"sk-SK","@id":"https:\/\/www.youthforequality.sk\/index.php\/activitiy\/skolenia-neaktualna-verzia\/skolenia-pre-pracovnikov-s-mladezou\/wise-mind\/#primaryimage","url":"https:\/\/www.youthforequality.sk\/wp-content\/uploads\/2020\/04\/Young-People-Working-scaled.jpg","contentUrl":"https:\/\/www.youthforequality.sk\/wp-content\/uploads\/2020\/04\/Young-People-Working-scaled.jpg","width":2560,"height":1706},{"@type":"BreadcrumbList","@id":"https:\/\/www.youthforequality.sk\/index.php\/activitiy\/skolenia-neaktualna-verzia\/skolenia-pre-pracovnikov-s-mladezou\/wise-mind\/#breadcrumb","itemListElement":[{"@type":"ListItem","position":1,"name":"Home","item":"https:\/\/www.youthforequality.sk\/"},{"@type":"ListItem","position":2,"name":"Aktivity","item":"https:\/\/www.youthforequality.sk\/index.php\/activitiy\/"},{"@type":"ListItem","position":3,"name":"S\u00fakromn\u00e9: \u0160kolenia &#8211; neaktu\u00e1lna verzia","item":"https:\/\/www.youthforequality.sk\/index.php\/activitiy\/skolenia-neaktualna-verzia\/"},{"@type":"ListItem","position":4,"name":"\u010co s\u00fa \u0161kolenia?","item":"https:\/\/www.youthforequality.sk\/index.php\/activitiy\/skolenia-neaktualna-verzia\/skolenia-pre-pracovnikov-s-mladezou\/"},{"@type":"ListItem","position":5,"name":"Wise Mind"}]},{"@type":"WebSite","@id":"https:\/\/www.youthforequality.sk\/#website","url":"https:\/\/www.youthforequality.sk\/","name":"","description":"","publisher":{"@id":"https:\/\/www.youthforequality.sk\/#organization"},"potentialAction":[{"@type":"SearchAction","target":{"@type":"EntryPoint","urlTemplate":"https:\/\/www.youthforequality.sk\/?s={search_term_string}"},"query-input":{"@type":"PropertyValueSpecification","valueRequired":true,"valueName":"search_term_string"}}],"inLanguage":"sk-SK"},{"@type":"Organization","@id":"https:\/\/www.youthforequality.sk\/#organization","name":"Youth for Equality","url":"https:\/\/www.youthforequality.sk\/","logo":{"@type":"ImageObject","inLanguage":"sk-SK","@id":"https:\/\/www.youthforequality.sk\/#\/schema\/logo\/image\/","url":"https:\/\/www.youthforequality.sk\/wp-content\/uploads\/2021\/01\/vynovene-logo-nove-farby_modra-na-web.png","contentUrl":"https:\/\/www.youthforequality.sk\/wp-content\/uploads\/2021\/01\/vynovene-logo-nove-farby_modra-na-web.png","width":1,"height":1,"caption":"Youth for Equality"},"image":{"@id":"https:\/\/www.youthforequality.sk\/#\/schema\/logo\/image\/"},"sameAs":["https:\/\/www.facebook.com\/yeslovakia"]}]}},"_links":{"self":[{"href":"https:\/\/www.youthforequality.sk\/index.php\/wp-json\/wp\/v2\/pages\/949","targetHints":{"allow":["GET"]}}],"collection":[{"href":"https:\/\/www.youthforequality.sk\/index.php\/wp-json\/wp\/v2\/pages"}],"about":[{"href":"https:\/\/www.youthforequality.sk\/index.php\/wp-json\/wp\/v2\/types\/page"}],"author":[{"embeddable":true,"href":"https:\/\/www.youthforequality.sk\/index.php\/wp-json\/wp\/v2\/users\/1"}],"replies":[{"embeddable":true,"href":"https:\/\/www.youthforequality.sk\/index.php\/wp-json\/wp\/v2\/comments?post=949"}],"version-history":[{"count":2,"href":"https:\/\/www.youthforequality.sk\/index.php\/wp-json\/wp\/v2\/pages\/949\/revisions"}],"predecessor-version":[{"id":1701,"href":"https:\/\/www.youthforequality.sk\/index.php\/wp-json\/wp\/v2\/pages\/949\/revisions\/1701"}],"up":[{"embeddable":true,"href":"https:\/\/www.youthforequality.sk\/index.php\/wp-json\/wp\/v2\/pages\/1594"}],"wp:featuredmedia":[{"embeddable":true,"href":"https:\/\/www.youthforequality.sk\/index.php\/wp-json\/wp\/v2\/media\/14"}],"wp:attachment":[{"href":"https:\/\/www.youthforequality.sk\/index.php\/wp-json\/wp\/v2\/media?parent=949"}],"wp:term":[{"taxonomy":"category","embeddable":true,"href":"https:\/\/www.youthforequality.sk\/index.php\/wp-json\/wp\/v2\/categories?post=949"},{"taxonomy":"post_tag","embeddable":true,"href":"https:\/\/www.youthforequality.sk\/index.php\/wp-json\/wp\/v2\/tags?post=949"}],"curies":[{"name":"wp","href":"https:\/\/api.w.org\/{rel}","templated":true}]}}