{"id":952,"date":"2020-04-27T10:35:40","date_gmt":"2020-04-27T10:35:40","guid":{"rendered":"https:\/\/www.youthforequality.sk\/?page_id=952"},"modified":"2020-11-29T12:54:58","modified_gmt":"2020-11-29T12:54:58","slug":"youth-of-green-town","status":"publish","type":"page","link":"https:\/\/www.youthforequality.sk\/index.php\/activitiy\/dobrovolnictvo-neaktualna-verzia\/co-su-dobrovolnicke-aktivity\/youth-of-green-town\/","title":{"rendered":"Youth of Green Town"},"content":{"rendered":"\n<p>Eur\u00f3psky Zbor Solidarity &#8222;Youth of Green Town&#8220; v sk\u00fasenej a medzin\u00e1rodnej organiz\u00e1cii v Gr\u00e9cku, ktor\u00fd sa konal v term\u00edne M\u00e1j 2019 &#8211; Febru\u00e1r 2020, tj 10 mesiacov.<\/p>\n\n\n\n<p><strong>Hos\u0165uj\u00faca organiz\u00e1cia<\/strong><\/p>\n\n\n\n<p>Syst\u00e9m &amp; G je mimovl\u00e1dna organiz\u00e1cia, ktor\u00e1 vysiela a z\u00e1rove\u0148&nbsp;hos\u0165uje dobrovo\u013en\u00edkov v r\u00e1mci Eur\u00f3pskeho Zboru Solidarity (v minulosti Eur\u00f3pskej dobrovo\u013en\u00edckej slu\u017eby). Organiz\u00e1cia m\u00e1 pobo\u010dky&nbsp;v Gr\u00e9cku, Loty\u0161sku, F\u00ednsku, \u0160v\u00e9dsku, Belgicku, Ukrajine.&nbsp;Organiz\u00e1cia realizuje mnoho r\u00f4znych projektov. Uzatv\u00e1ra v&nbsp;priemere 20 partnerstiev ro\u010dne. Vybudovala si v\u00fdznamn\u00e9&nbsp;postavenie v 50 krajin\u00e1ch E\u00da.&nbsp;System &amp; G poskytuje priestor pre mlad\u00fdch \u013eud\u00ed s nedostatkom&nbsp;pr\u00edle\u017eitost\u00ed. Jadro organiz\u00e1cie tvoria b\u00fdval\u00ed dobrovo\u013en\u00edci so&nbsp;sk\u00fasenos\u0165ami v projektoch Youth in Action a Erasmus Plus.<\/p>\n\n\n\n<p><a href=\"http:\/\/www.facebook.com\/Systemandg\" target=\"_blank\" rel=\"noreferrer noopener\">www.facebook.com\/Systemandg<\/a><\/p>\n\n\n\n<p>www.s<a href=\"http:\/\/www.systemandg.weebly.com\/\" target=\"_blank\" rel=\"noreferrer noopener\">ystemandg.weebly.com\/<\/a><\/p>\n\n\n\n<p><strong>Aktivity<\/strong><\/p>\n\n\n\n<p>Z\u00e1merom organiz\u00e1cie je nadobudn\u00fa\u0165 priate\u013esk\u00fd vz\u0165ah s miestnymi obyvate\u013emi, organizova\u0165 lok\u00e1lne aktivity s dostupnos\u0165ou pre v\u0161etk\u00fdch, by\u0165 in\u0161pir\u00e1ciou pre zmeny v oblasti \u013eudsk\u00fdch pr\u00e1v,&nbsp;zdrav\u00e9ho \u017eivotn\u00e9ho&nbsp; \u0161t\u00fdlu, ekologick\u00e9ho dopadu na okolie,&nbsp;rovnopr\u00e1vnos\u0165, at\u010f.&nbsp;<\/p>\n\n\n\n<p>Podujatia ako aj \u00falohy sa po\u010das projektu menili a z\u00e1le\u017eali od zru\u010dnost\u00ed a z\u00e1ujmov samotn\u00fdch dobrovo\u013en\u00edkov.<\/p>\n\n\n\n<p><strong>V r\u00e1mci projektu dobrovo\u013en\u00edci organizovali workshopy, festivaly a aktivity t\u00fdkaj\u00face sa najm\u00e4 ekol\u00f3gie.<\/strong>&nbsp;<\/p>\n\n\n\n<p>Vo v\u0161eobecnosti tu dobrovo\u013en\u00edci uporiad\u00e1vali piatkov\u00e9 ve\u010dery pre miestnych \u013eud\u00ed,&nbsp;jazykov\u00e9 kurzy, eventy ako Human Library, Green Olympics,&nbsp;tr\u00e9ningy, \u010di ml\u00e1de\u017en\u00edcke v\u00fdmeny, ktor\u00fdch sa&nbsp;z\u00fa\u010dastnili \u010di zorganizovali v r\u00e1mci cel\u00e9ho Gr\u00e9cka.&nbsp;<\/p>\n\n\n\n<p><strong>Miesto<\/strong><\/p>\n\n\n\n<p>Komotini je mal\u00e9 mesto v severnej \u010dasti Gr\u00e9cka (v bl\u00edzkosti hran\u00edc Turecka a Bulharska) s po\u010dtom obyvate\u013eov 60,000. Komotini je \u0161tudentsk\u00e9 mesto s ro\u010dn\u00fdm po\u010dtom \u0161tudentov 15,000. V bl\u00edzkosti sa nach\u00e1dzaj\u00fa aj pl\u00e1\u017ee. Prv\u00fa polovicu obyvate\u013estva tvoria Gr\u00e9ci, druh\u00fa polovicu Turci, z\u00e1rove\u0148 sa tu vyskytuj\u00fa men\u0161iny ako Rusi a \u010c\u00ed\u0148ania.<\/p>\n\n\n\n<p><strong>Financovanie<\/strong><\/p>\n\n\n\n<p>Projekt bol podporen\u00fd grantom Eur\u00f3pskeho Zboru Solidarity, tj. 3 slovensk\u00ed \u00fa\u010dastn\u00edci mali zabezpe\u010den\u00e9 ubytovanie, stravu, cestovn\u00e9 na projekt a z projektu, vreckov\u00e9.&nbsp;<\/p>\n\n\n\n<p>Ubytovanie zabezpe\u010dila hos\u0165uj\u00faca organiz\u00e1cia. Dobrovo\u013en\u00edci boli spolu&nbsp;ubytovan\u00ed v apartm\u00e1ne, ktor\u00fd bol zariaden\u00fd od kuchyne a\u017e po&nbsp;samotn\u00e9 izby. V apartm\u00e1ne sa nach\u00e1dzali 3 izby,&nbsp;2 k\u00fape\u013ene, ob\u00fdva\u010dka s kuchy\u0148ou, 2 balk\u00f3ny. Ubytovanie sa&nbsp;nach\u00e1dzalo hne\u010f ved\u013ea officu. V r\u00e1mci bl\u00edzkej Univerzity mali zabezpe\u010den\u00e9 obedy a ve\u010dere, na ostatn\u00e9 potrebn\u00e9 v\u00fddavky dostali vreckov\u00e9 ka\u017ed\u00fd mesiac.&nbsp;<\/p>\n\n\n\n<p><strong>Pr\u00ednosy pre dobrovo\u013en\u00edkov:<\/strong><\/p>\n\n\n\n<p>Zlep\u0161ili svoje soft skills; pracovali v t\u00edme; zlep\u0161ili svoje l\u00edderske zru\u010dnosti; vytvorili si medzin\u00e1rodn\u00e9 kontakty; komunikovali v cudzom jazyku, a teda zlep\u0161ili si angli\u010dtinu, nau\u010dili sa gr\u00e9\u010dtinu; spolupracovali s r\u00f4znymi in\u0161tit\u00faciami a mlad\u00fdmi \u013eu\u010fmi; pracovali v multikult\u00farnom prostred\u00ed; zv\u00fd\u0161ili si sebavedomie a samostatnos\u0165; nadobudli konkr\u00e9tne poznatky v r\u00f4znych t\u00e9mach v s\u00favislosti s EU ot\u00e1zkami a ekol\u00f3giou; dozvedeli sa o mnoh\u00fdch \u010fal\u0161\u00edch pr\u00edle\u017eitostiach; z\u00edskali zru\u010dnosti v oblasti organiz\u00e1cie r\u00f4znych aktiv\u00edt; ovl\u00e1daj\u00fa z\u00e1klady projektov\u00e9ho mana\u017ementu (v z\u00e1vislosti od ich vlastnej iniciat\u00edvy); z\u00edskali pracovn\u00e9 sk\u00fasenosti, ktor\u00e9 im pom\u00f4\u017eu uplatni\u0165 sa na trhu pr\u00e1ce a prispeli k zlep\u0161eniu \u017eivota v komunite.<\/p>\n\n\n\n<p>Dobrovo\u013en\u00edci mali mo\u017enos\u0165 pos\u00fadi\u0165 v\u0161etky \u010fal\u0161ie osobn\u00e9 pr\u00ednosy a z\u00edska\u0165 certifik\u00e1t&nbsp;<a href=\"https:\/\/www.youthpass.eu\/sk\/\" target=\"_blank\" rel=\"noreferrer noopener\">YOUTHPASS<\/a>.<\/p>\n\n\n\n<p><strong>Do projektu boli zahrnut\u00ed \u00fa\u010dastn\u00edci s nedostatkom pr\u00edle\u017eitost\u00ed.<\/strong><\/p>\n","protected":false},"excerpt":{"rendered":"<p>Eur\u00f3psky Zbor Solidarity &#8222;Youth of Green Town&#8220; v sk\u00fasenej a medzin\u00e1rodnej organiz\u00e1cii v Gr\u00e9cku, ktor\u00fd sa konal v term\u00edne M\u00e1j 2019 &#8211; Febru\u00e1r 2020, tj 10 mesiacov. Hos\u0165uj\u00faca organiz\u00e1cia Syst\u00e9m &amp; G je mimovl\u00e1dna organiz\u00e1cia, ktor\u00e1 vysiela a z\u00e1rove\u0148&nbsp;hos\u0165uje dobrovo\u013en\u00edkov v r\u00e1mci Eur\u00f3pskeho Zboru Solidarity (v minulosti Eur\u00f3pskej dobrovo\u013en\u00edckej slu\u017eby). Organiz\u00e1cia m\u00e1 pobo\u010dky&nbsp;v Gr\u00e9cku, Loty\u0161sku,&hellip;&nbsp;<a href=\"https:\/\/www.youthforequality.sk\/index.php\/activitiy\/dobrovolnictvo-neaktualna-verzia\/co-su-dobrovolnicke-aktivity\/youth-of-green-town\/\" class=\"\" rel=\"bookmark\">\u010c\u00edta\u0165 viac &raquo;<span class=\"screen-reader-text\">Youth of Green Town<\/span><\/a><\/p>\n","protected":false},"author":2,"featured_media":14,"parent":1633,"menu_order":0,"comment_status":"closed","ping_status":"closed","template":"template-full-width-cover.php","meta":{"_uf_show_specific_survey":0,"_uf_disable_surveys":false,"neve_meta_sidebar":"","neve_meta_container":"","neve_meta_enable_content_width":"","neve_meta_content_width":0,"neve_meta_title_alignment":"","neve_meta_author_avatar":"","neve_post_elements_order":"","neve_meta_disable_header":"","neve_meta_disable_footer":"","neve_meta_disable_title":"","_themeisle_gutenberg_block_has_review":false,"footnotes":""},"categories":[],"tags":[],"class_list":["post-952","page","type-page","status-publish","has-post-thumbnail","hentry"],"yoast_head":"<!-- This site is optimized with the Yoast SEO plugin v27.4 - https:\/\/yoast.com\/product\/yoast-seo-wordpress\/ -->\n<title>Youth of Green Town |<\/title>\n<meta name=\"robots\" content=\"index, follow, max-snippet:-1, max-image-preview:large, max-video-preview:-1\" \/>\n<link rel=\"canonical\" href=\"https:\/\/www.youthforequality.sk\/index.php\/activitiy\/dobrovolnictvo-neaktualna-verzia\/co-su-dobrovolnicke-aktivity\/youth-of-green-town\/\" \/>\n<meta property=\"og:locale\" content=\"sk_SK\" \/>\n<meta property=\"og:type\" content=\"article\" \/>\n<meta property=\"og:title\" content=\"Youth of Green Town |\" \/>\n<meta property=\"og:description\" content=\"Eur\u00f3psky Zbor Solidarity &#8222;Youth of Green Town&#8220; v sk\u00fasenej a medzin\u00e1rodnej organiz\u00e1cii v Gr\u00e9cku, ktor\u00fd sa konal v term\u00edne M\u00e1j 2019 &#8211; Febru\u00e1r 2020, tj 10 mesiacov. Hos\u0165uj\u00faca organiz\u00e1cia Syst\u00e9m &amp; G je mimovl\u00e1dna organiz\u00e1cia, ktor\u00e1 vysiela a z\u00e1rove\u0148&nbsp;hos\u0165uje dobrovo\u013en\u00edkov v r\u00e1mci Eur\u00f3pskeho Zboru Solidarity (v minulosti Eur\u00f3pskej dobrovo\u013en\u00edckej slu\u017eby). Organiz\u00e1cia m\u00e1 pobo\u010dky&nbsp;v Gr\u00e9cku, Loty\u0161sku,&hellip;&nbsp;\u010c\u00edta\u0165 viac &raquo;Youth of Green Town\" \/>\n<meta property=\"og:url\" content=\"https:\/\/www.youthforequality.sk\/index.php\/activitiy\/dobrovolnictvo-neaktualna-verzia\/co-su-dobrovolnicke-aktivity\/youth-of-green-town\/\" \/>\n<meta property=\"article:publisher\" content=\"https:\/\/www.facebook.com\/yeslovakia\" \/>\n<meta property=\"article:modified_time\" content=\"2020-11-29T12:54:58+00:00\" \/>\n<meta property=\"og:image\" content=\"https:\/\/www.youthforequality.sk\/wp-content\/uploads\/2020\/04\/Young-People-Working-scaled.jpg\" \/>\n\t<meta property=\"og:image:width\" content=\"2560\" \/>\n\t<meta property=\"og:image:height\" content=\"1706\" \/>\n\t<meta property=\"og:image:type\" content=\"image\/jpeg\" \/>\n<meta name=\"twitter:card\" content=\"summary_large_image\" \/>\n<meta name=\"twitter:label1\" content=\"Predpokladan\u00fd \u010das \u010d\u00edtania\" \/>\n\t<meta name=\"twitter:data1\" content=\"3 min\u00faty\" \/>\n<script type=\"application\/ld+json\" class=\"yoast-schema-graph\">{\"@context\":\"https:\\\/\\\/schema.org\",\"@graph\":[{\"@type\":\"WebPage\",\"@id\":\"https:\\\/\\\/www.youthforequality.sk\\\/index.php\\\/activitiy\\\/dobrovolnictvo-neaktualna-verzia\\\/co-su-dobrovolnicke-aktivity\\\/youth-of-green-town\\\/\",\"url\":\"https:\\\/\\\/www.youthforequality.sk\\\/index.php\\\/activitiy\\\/dobrovolnictvo-neaktualna-verzia\\\/co-su-dobrovolnicke-aktivity\\\/youth-of-green-town\\\/\",\"name\":\"Youth of Green Town |\",\"isPartOf\":{\"@id\":\"https:\\\/\\\/www.youthforequality.sk\\\/#website\"},\"primaryImageOfPage\":{\"@id\":\"https:\\\/\\\/www.youthforequality.sk\\\/index.php\\\/activitiy\\\/dobrovolnictvo-neaktualna-verzia\\\/co-su-dobrovolnicke-aktivity\\\/youth-of-green-town\\\/#primaryimage\"},\"image\":{\"@id\":\"https:\\\/\\\/www.youthforequality.sk\\\/index.php\\\/activitiy\\\/dobrovolnictvo-neaktualna-verzia\\\/co-su-dobrovolnicke-aktivity\\\/youth-of-green-town\\\/#primaryimage\"},\"thumbnailUrl\":\"https:\\\/\\\/www.youthforequality.sk\\\/wp-content\\\/uploads\\\/2020\\\/04\\\/Young-People-Working-scaled.jpg\",\"datePublished\":\"2020-04-27T10:35:40+00:00\",\"dateModified\":\"2020-11-29T12:54:58+00:00\",\"breadcrumb\":{\"@id\":\"https:\\\/\\\/www.youthforequality.sk\\\/index.php\\\/activitiy\\\/dobrovolnictvo-neaktualna-verzia\\\/co-su-dobrovolnicke-aktivity\\\/youth-of-green-town\\\/#breadcrumb\"},\"inLanguage\":\"sk-SK\",\"potentialAction\":[{\"@type\":\"ReadAction\",\"target\":[\"https:\\\/\\\/www.youthforequality.sk\\\/index.php\\\/activitiy\\\/dobrovolnictvo-neaktualna-verzia\\\/co-su-dobrovolnicke-aktivity\\\/youth-of-green-town\\\/\"]}]},{\"@type\":\"ImageObject\",\"inLanguage\":\"sk-SK\",\"@id\":\"https:\\\/\\\/www.youthforequality.sk\\\/index.php\\\/activitiy\\\/dobrovolnictvo-neaktualna-verzia\\\/co-su-dobrovolnicke-aktivity\\\/youth-of-green-town\\\/#primaryimage\",\"url\":\"https:\\\/\\\/www.youthforequality.sk\\\/wp-content\\\/uploads\\\/2020\\\/04\\\/Young-People-Working-scaled.jpg\",\"contentUrl\":\"https:\\\/\\\/www.youthforequality.sk\\\/wp-content\\\/uploads\\\/2020\\\/04\\\/Young-People-Working-scaled.jpg\",\"width\":2560,\"height\":1706},{\"@type\":\"BreadcrumbList\",\"@id\":\"https:\\\/\\\/www.youthforequality.sk\\\/index.php\\\/activitiy\\\/dobrovolnictvo-neaktualna-verzia\\\/co-su-dobrovolnicke-aktivity\\\/youth-of-green-town\\\/#breadcrumb\",\"itemListElement\":[{\"@type\":\"ListItem\",\"position\":1,\"name\":\"Home\",\"item\":\"https:\\\/\\\/www.youthforequality.sk\\\/\"},{\"@type\":\"ListItem\",\"position\":2,\"name\":\"Aktivity\",\"item\":\"https:\\\/\\\/www.youthforequality.sk\\\/index.php\\\/activitiy\\\/\"},{\"@type\":\"ListItem\",\"position\":3,\"name\":\"S\u00fakromn\u00e9: Dobrovo\u013en\u00edctvo &#8211; neaktu\u00e1lna verzia\",\"item\":\"https:\\\/\\\/www.youthforequality.sk\\\/index.php\\\/activitiy\\\/dobrovolnictvo-neaktualna-verzia\\\/\"},{\"@type\":\"ListItem\",\"position\":4,\"name\":\"\u010co s\u00fa dobrovo\u013en\u00edcke aktivity?\",\"item\":\"https:\\\/\\\/www.youthforequality.sk\\\/index.php\\\/activitiy\\\/dobrovolnictvo-neaktualna-verzia\\\/co-su-dobrovolnicke-aktivity\\\/\"},{\"@type\":\"ListItem\",\"position\":5,\"name\":\"Youth of Green Town\"}]},{\"@type\":\"WebSite\",\"@id\":\"https:\\\/\\\/www.youthforequality.sk\\\/#website\",\"url\":\"https:\\\/\\\/www.youthforequality.sk\\\/\",\"name\":\"\",\"description\":\"\",\"publisher\":{\"@id\":\"https:\\\/\\\/www.youthforequality.sk\\\/#organization\"},\"potentialAction\":[{\"@type\":\"SearchAction\",\"target\":{\"@type\":\"EntryPoint\",\"urlTemplate\":\"https:\\\/\\\/www.youthforequality.sk\\\/?s={search_term_string}\"},\"query-input\":{\"@type\":\"PropertyValueSpecification\",\"valueRequired\":true,\"valueName\":\"search_term_string\"}}],\"inLanguage\":\"sk-SK\"},{\"@type\":\"Organization\",\"@id\":\"https:\\\/\\\/www.youthforequality.sk\\\/#organization\",\"name\":\"Youth for Equality\",\"url\":\"https:\\\/\\\/www.youthforequality.sk\\\/\",\"logo\":{\"@type\":\"ImageObject\",\"inLanguage\":\"sk-SK\",\"@id\":\"https:\\\/\\\/www.youthforequality.sk\\\/#\\\/schema\\\/logo\\\/image\\\/\",\"url\":\"https:\\\/\\\/www.youthforequality.sk\\\/wp-content\\\/uploads\\\/2021\\\/01\\\/vynovene-logo-nove-farby_modra-na-web.png\",\"contentUrl\":\"https:\\\/\\\/www.youthforequality.sk\\\/wp-content\\\/uploads\\\/2021\\\/01\\\/vynovene-logo-nove-farby_modra-na-web.png\",\"width\":1,\"height\":1,\"caption\":\"Youth for Equality\"},\"image\":{\"@id\":\"https:\\\/\\\/www.youthforequality.sk\\\/#\\\/schema\\\/logo\\\/image\\\/\"},\"sameAs\":[\"https:\\\/\\\/www.facebook.com\\\/yeslovakia\"]}]}<\/script>\n<!-- \/ Yoast SEO plugin. -->","yoast_head_json":{"title":"Youth of Green Town |","robots":{"index":"index","follow":"follow","max-snippet":"max-snippet:-1","max-image-preview":"max-image-preview:large","max-video-preview":"max-video-preview:-1"},"canonical":"https:\/\/www.youthforequality.sk\/index.php\/activitiy\/dobrovolnictvo-neaktualna-verzia\/co-su-dobrovolnicke-aktivity\/youth-of-green-town\/","og_locale":"sk_SK","og_type":"article","og_title":"Youth of Green Town |","og_description":"Eur\u00f3psky Zbor Solidarity &#8222;Youth of Green Town&#8220; v sk\u00fasenej a medzin\u00e1rodnej organiz\u00e1cii v Gr\u00e9cku, ktor\u00fd sa konal v term\u00edne M\u00e1j 2019 &#8211; Febru\u00e1r 2020, tj 10 mesiacov. Hos\u0165uj\u00faca organiz\u00e1cia Syst\u00e9m &amp; G je mimovl\u00e1dna organiz\u00e1cia, ktor\u00e1 vysiela a z\u00e1rove\u0148&nbsp;hos\u0165uje dobrovo\u013en\u00edkov v r\u00e1mci Eur\u00f3pskeho Zboru Solidarity (v minulosti Eur\u00f3pskej dobrovo\u013en\u00edckej slu\u017eby). Organiz\u00e1cia m\u00e1 pobo\u010dky&nbsp;v Gr\u00e9cku, Loty\u0161sku,&hellip;&nbsp;\u010c\u00edta\u0165 viac &raquo;Youth of Green Town","og_url":"https:\/\/www.youthforequality.sk\/index.php\/activitiy\/dobrovolnictvo-neaktualna-verzia\/co-su-dobrovolnicke-aktivity\/youth-of-green-town\/","article_publisher":"https:\/\/www.facebook.com\/yeslovakia","article_modified_time":"2020-11-29T12:54:58+00:00","og_image":[{"width":2560,"height":1706,"url":"https:\/\/www.youthforequality.sk\/wp-content\/uploads\/2020\/04\/Young-People-Working-scaled.jpg","type":"image\/jpeg"}],"twitter_card":"summary_large_image","twitter_misc":{"Predpokladan\u00fd \u010das \u010d\u00edtania":"3 min\u00faty"},"schema":{"@context":"https:\/\/schema.org","@graph":[{"@type":"WebPage","@id":"https:\/\/www.youthforequality.sk\/index.php\/activitiy\/dobrovolnictvo-neaktualna-verzia\/co-su-dobrovolnicke-aktivity\/youth-of-green-town\/","url":"https:\/\/www.youthforequality.sk\/index.php\/activitiy\/dobrovolnictvo-neaktualna-verzia\/co-su-dobrovolnicke-aktivity\/youth-of-green-town\/","name":"Youth of Green Town |","isPartOf":{"@id":"https:\/\/www.youthforequality.sk\/#website"},"primaryImageOfPage":{"@id":"https:\/\/www.youthforequality.sk\/index.php\/activitiy\/dobrovolnictvo-neaktualna-verzia\/co-su-dobrovolnicke-aktivity\/youth-of-green-town\/#primaryimage"},"image":{"@id":"https:\/\/www.youthforequality.sk\/index.php\/activitiy\/dobrovolnictvo-neaktualna-verzia\/co-su-dobrovolnicke-aktivity\/youth-of-green-town\/#primaryimage"},"thumbnailUrl":"https:\/\/www.youthforequality.sk\/wp-content\/uploads\/2020\/04\/Young-People-Working-scaled.jpg","datePublished":"2020-04-27T10:35:40+00:00","dateModified":"2020-11-29T12:54:58+00:00","breadcrumb":{"@id":"https:\/\/www.youthforequality.sk\/index.php\/activitiy\/dobrovolnictvo-neaktualna-verzia\/co-su-dobrovolnicke-aktivity\/youth-of-green-town\/#breadcrumb"},"inLanguage":"sk-SK","potentialAction":[{"@type":"ReadAction","target":["https:\/\/www.youthforequality.sk\/index.php\/activitiy\/dobrovolnictvo-neaktualna-verzia\/co-su-dobrovolnicke-aktivity\/youth-of-green-town\/"]}]},{"@type":"ImageObject","inLanguage":"sk-SK","@id":"https:\/\/www.youthforequality.sk\/index.php\/activitiy\/dobrovolnictvo-neaktualna-verzia\/co-su-dobrovolnicke-aktivity\/youth-of-green-town\/#primaryimage","url":"https:\/\/www.youthforequality.sk\/wp-content\/uploads\/2020\/04\/Young-People-Working-scaled.jpg","contentUrl":"https:\/\/www.youthforequality.sk\/wp-content\/uploads\/2020\/04\/Young-People-Working-scaled.jpg","width":2560,"height":1706},{"@type":"BreadcrumbList","@id":"https:\/\/www.youthforequality.sk\/index.php\/activitiy\/dobrovolnictvo-neaktualna-verzia\/co-su-dobrovolnicke-aktivity\/youth-of-green-town\/#breadcrumb","itemListElement":[{"@type":"ListItem","position":1,"name":"Home","item":"https:\/\/www.youthforequality.sk\/"},{"@type":"ListItem","position":2,"name":"Aktivity","item":"https:\/\/www.youthforequality.sk\/index.php\/activitiy\/"},{"@type":"ListItem","position":3,"name":"S\u00fakromn\u00e9: Dobrovo\u013en\u00edctvo &#8211; neaktu\u00e1lna verzia","item":"https:\/\/www.youthforequality.sk\/index.php\/activitiy\/dobrovolnictvo-neaktualna-verzia\/"},{"@type":"ListItem","position":4,"name":"\u010co s\u00fa dobrovo\u013en\u00edcke aktivity?","item":"https:\/\/www.youthforequality.sk\/index.php\/activitiy\/dobrovolnictvo-neaktualna-verzia\/co-su-dobrovolnicke-aktivity\/"},{"@type":"ListItem","position":5,"name":"Youth of Green Town"}]},{"@type":"WebSite","@id":"https:\/\/www.youthforequality.sk\/#website","url":"https:\/\/www.youthforequality.sk\/","name":"","description":"","publisher":{"@id":"https:\/\/www.youthforequality.sk\/#organization"},"potentialAction":[{"@type":"SearchAction","target":{"@type":"EntryPoint","urlTemplate":"https:\/\/www.youthforequality.sk\/?s={search_term_string}"},"query-input":{"@type":"PropertyValueSpecification","valueRequired":true,"valueName":"search_term_string"}}],"inLanguage":"sk-SK"},{"@type":"Organization","@id":"https:\/\/www.youthforequality.sk\/#organization","name":"Youth for Equality","url":"https:\/\/www.youthforequality.sk\/","logo":{"@type":"ImageObject","inLanguage":"sk-SK","@id":"https:\/\/www.youthforequality.sk\/#\/schema\/logo\/image\/","url":"https:\/\/www.youthforequality.sk\/wp-content\/uploads\/2021\/01\/vynovene-logo-nove-farby_modra-na-web.png","contentUrl":"https:\/\/www.youthforequality.sk\/wp-content\/uploads\/2021\/01\/vynovene-logo-nove-farby_modra-na-web.png","width":1,"height":1,"caption":"Youth for Equality"},"image":{"@id":"https:\/\/www.youthforequality.sk\/#\/schema\/logo\/image\/"},"sameAs":["https:\/\/www.facebook.com\/yeslovakia"]}]}},"_links":{"self":[{"href":"https:\/\/www.youthforequality.sk\/index.php\/wp-json\/wp\/v2\/pages\/952","targetHints":{"allow":["GET"]}}],"collection":[{"href":"https:\/\/www.youthforequality.sk\/index.php\/wp-json\/wp\/v2\/pages"}],"about":[{"href":"https:\/\/www.youthforequality.sk\/index.php\/wp-json\/wp\/v2\/types\/page"}],"author":[{"embeddable":true,"href":"https:\/\/www.youthforequality.sk\/index.php\/wp-json\/wp\/v2\/users\/2"}],"replies":[{"embeddable":true,"href":"https:\/\/www.youthforequality.sk\/index.php\/wp-json\/wp\/v2\/comments?post=952"}],"version-history":[{"count":3,"href":"https:\/\/www.youthforequality.sk\/index.php\/wp-json\/wp\/v2\/pages\/952\/revisions"}],"predecessor-version":[{"id":1584,"href":"https:\/\/www.youthforequality.sk\/index.php\/wp-json\/wp\/v2\/pages\/952\/revisions\/1584"}],"up":[{"embeddable":true,"href":"https:\/\/www.youthforequality.sk\/index.php\/wp-json\/wp\/v2\/pages\/1633"}],"wp:featuredmedia":[{"embeddable":true,"href":"https:\/\/www.youthforequality.sk\/index.php\/wp-json\/wp\/v2\/media\/14"}],"wp:attachment":[{"href":"https:\/\/www.youthforequality.sk\/index.php\/wp-json\/wp\/v2\/media?parent=952"}],"wp:term":[{"taxonomy":"category","embeddable":true,"href":"https:\/\/www.youthforequality.sk\/index.php\/wp-json\/wp\/v2\/categories?post=952"},{"taxonomy":"post_tag","embeddable":true,"href":"https:\/\/www.youthforequality.sk\/index.php\/wp-json\/wp\/v2\/tags?post=952"}],"curies":[{"name":"wp","href":"https:\/\/api.w.org\/{rel}","templated":true}]}}